{"id":965,"date":"2026-02-03T10:30:27","date_gmt":"2026-02-03T09:30:27","guid":{"rendered":"https:\/\/elfenoehrchen-verlag.de\/?page_id=965"},"modified":"2026-02-03T19:44:03","modified_gmt":"2026-02-03T18:44:03","slug":"maedchenkoennen-jungenkoennen","status":"publish","type":"page","link":"https:\/\/elfenoehrchen-verlag.de\/en\/maedchenkoennen-jungenkoennen\/","title":{"rendered":"M\u00e4dchen k\u00f6nnen &#8211; Jungen k\u00f6nnen"},"content":{"rendered":"<p>[et_pb_section fb_built=&#8220;1&#8243; disabled_on=&#8220;off|off|off&#8220; _builder_version=&#8220;4.17.4&#8243; _module_preset=&#8220;default&#8220; global_colors_info=&#8220;{}&#8220; theme_builder_area=&#8220;post_content&#8220;][et_pb_row column_structure=&#8220;1_2,1_2&#8243; _builder_version=&#8220;4.17.4&#8243; _module_preset=&#8220;default&#8220; global_colors_info=&#8220;{}&#8220; theme_builder_area=&#8220;post_content&#8220;][et_pb_column type=&#8220;1_2&#8243; _builder_version=&#8220;4.17.4&#8243; _module_preset=&#8220;default&#8220; global_colors_info=&#8220;{}&#8220; theme_builder_area=&#8220;post_content&#8220;][et_pb_image src=&#8220;https:\/\/elfenoehrchen-verlag.de\/wp-content\/uploads\/2026\/02\/Cover-Website-Elfenoehrchen.png&#8220; title_text=&#8220;Cover M\u00e4dchen k\u00f6nnen Jungen k\u00f6nnen&#8220; url=&#8220;https:\/\/amzn.to\/4tsrq3E&#8220; url_new_window=&#8220;on&#8220; _builder_version=&#8220;4.17.4&#8243; _module_preset=&#8220;default&#8220; hover_enabled=&#8220;0&#8243; global_colors_info=&#8220;{}&#8220; theme_builder_area=&#8220;post_content&#8220; sticky_enabled=&#8220;0&#8243;][\/et_pb_image][et_pb_text _builder_version=&#8220;4.17.4&#8243; _module_preset=&#8220;default&#8220; link_option_url=&#8220;https:\/\/amzn.to\/4tsrq3E&#8220; link_option_url_new_window=&#8220;on&#8220; hover_enabled=&#8220;0&#8243; global_colors_info=&#8220;{}&#8220; theme_builder_area=&#8220;post_content&#8220; sticky_enabled=&#8220;0&#8243;]<\/p>\n<p><strong>M\u00e4dchen k\u00f6nnen &#8211; Jungen k\u00f6nnen<\/strong><\/p>\n<p>\u20ac24,95 Euro\u00a0<\/p>\n<p>[\/et_pb_text][\/et_pb_column][et_pb_column type=&#8220;1_2&#8243; _builder_version=&#8220;4.17.4&#8243; _module_preset=&#8220;default&#8220; global_colors_info=&#8220;{}&#8220; theme_builder_area=&#8220;post_content&#8220;][et_pb_text _builder_version=&#8220;4.17.4&#8243; _module_preset=&#8220;default&#8220; hover_enabled=&#8220;0&#8243; global_colors_info=&#8220;{}&#8220; theme_builder_area=&#8220;post_content&#8220; sticky_enabled=&#8220;0&#8243;]<\/p>\n<h4><strong><span class=\"a-text-bold\">M\u00e4dchen k\u00f6nnen &#8211; Jungen k\u00f6nnen<\/span><\/strong><strong><span class=\"a-text-bold\"><\/span><\/strong><\/h4>\n<p><strong><span class=\"a-text-bold\"><\/span><\/strong><\/p>\n<p><strong><span class=\"a-text-bold\">Eine Einladung an Dich, Dir alles zuzutrauen! &#8211; Ab 5 Jahren!<\/span><\/strong><\/p>\n<p><span class=\"a-text-italic\">M\u00e4dchen k\u00f6nnen &#8211; Jungen k\u00f6nnen<\/span><span>\u00a0ist das perfekte Kinderbuch f\u00fcr kleine Abenteurer und Entdecker, die keine Grenzen kennen.<\/span><\/p>\n<p><span>Mit spannenden Geschichten \u00fcber inspirierende Pers\u00f6nlichkeiten wie Rosa Parks, Malala Yousafzai, Marie Curie, Martin Luther King Jr., Ed Sheeran und Karl Lagerfeld erleben Kinder, dass auch sie alles erreichen k\u00f6nnen, was sie sich vornehmen.\u00a0<\/span><\/p>\n<p><span>Mit einer bunten Mischung aus historischen Beispielen und aktuellen Vorbildern bietet dieses Buch sowohl M\u00e4dchen als auch Jungen die M\u00f6glichkeit, ihre eigenen St\u00e4rken zu erkennen und zu feiern.<\/span><\/p>\n<p><span class=\"a-text-bold\"><strong>Das erwartet Dich:<\/strong><\/span><\/p>\n<ul class=\"a-unordered-list a-vertical\">\n<li>\n<p><span>F\u00f6rdert Selbstvertrauen und Entschlossenheit\u00a0<\/span><\/p>\n<\/li>\n<li>\n<p><span>Veraltetete Geschlechterrollen werden auf humorvolle und anregende Weise hinterfragt<\/span><\/p>\n<\/li>\n<li>\n<p><span>Inspirierende Geschichten von realen Heldinnen und Helden der Geschichte<\/span><\/p>\n<\/li>\n<li>\n<p><span>Eignet sich hervorragend f\u00fcr den Schulunterrich<\/span><\/p>\n<\/li>\n<\/ul>\n<ul class=\"a-unordered-list a-vertical\">\n<li>\n<p><span class=\"a-text-bold\">Vielf\u00e4ltig und inklusiv<\/span><\/p>\n<\/li>\n<li>\n<p><span class=\"a-text-bold\">Zuammengeh\u00f6rigkeit<\/span><span>: Zwei Perspektiven in einem Buch \u2013 f\u00fcr M\u00e4dchen und Jungs gleicherma\u00dfen<\/span><\/p>\n<\/li>\n<li>\n<p><span class=\"a-text-bold\">Edukativ und motivierend<\/span><span>: Leicht verst\u00e4ndliche Geschichten, die Kinder dazu anregen, selbstbewusst ihren eigenen Weg zu gehen<\/span><\/p>\n<\/li>\n<\/ul>\n<p><span>Hol dir jetzt das Buch und erlebe, wie viel Spa\u00df es macht, sich gegenseitig zu inspirieren und zusammen die Welt zu ver\u00e4ndern!<\/span><\/p>\n<p><strong>Die klare Botschaft lautet:\u00a0<span class=\"a-text-bold\">Du entscheidest, was du kannst!<\/span><\/strong><strong style=\"font-size: 14px;\"><\/strong><\/p>\n<p class=\"a-spacing-base\"><span class=\"a-list-item\"><\/span><\/p>\n<p>[\/et_pb_text][et_pb_button button_url=&#8220;https:\/\/amzn.to\/4tsrq3E&#8220; url_new_window=&#8220;on&#8220; button_text=&#8220;Jetzt kaufen *&#8220; button_alignment=&#8220;center&#8220; _builder_version=&#8220;4.17.4&#8243; _module_preset=&#8220;default&#8220; custom_button=&#8220;on&#8220; button_text_color=&#8220;#000000&#8243; custom_margin=&#8220;19px|||||&#8220; hover_enabled=&#8220;0&#8243; global_colors_info=&#8220;{}&#8220; theme_builder_area=&#8220;post_content&#8220; sticky_enabled=&#8220;0&#8243;][\/et_pb_button][\/et_pb_column][\/et_pb_row][\/et_pb_section][et_pb_section fb_built=&#8220;1&#8243; _builder_version=&#8220;4.17.4&#8243; _module_preset=&#8220;default&#8220; background_color=&#8220;#D6D6D6&#8243; custom_padding=&#8220;3px|||||&#8220; global_colors_info=&#8220;{}&#8220; theme_builder_area=&#8220;post_content&#8220;][et_pb_row _builder_version=&#8220;4.17.4&#8243; _module_preset=&#8220;default&#8220; min_height=&#8220;62px&#8220; custom_padding=&#8220;20px||3px|||&#8220; global_colors_info=&#8220;{}&#8220; theme_builder_area=&#8220;post_content&#8220;][et_pb_column type=&#8220;4_4&#8243; _builder_version=&#8220;4.17.4&#8243; _module_preset=&#8220;default&#8220; global_colors_info=&#8220;{}&#8220; theme_builder_area=&#8220;post_content&#8220;][et_pb_text _builder_version=&#8220;4.17.4&#8243; _module_preset=&#8220;default&#8220; global_colors_info=&#8220;{}&#8220; theme_builder_area=&#8220;post_content&#8220;]<\/p>\n<h2><strong>Diese B\u00fccher k\u00f6nnten Dir auch gefallen:<\/strong><\/h2>\n<p>[\/et_pb_text][\/et_pb_column][\/et_pb_row][et_pb_row column_structure=&#8220;1_4,1_4,1_4,1_4&#8243; _builder_version=&#8220;4.17.4&#8243; _module_preset=&#8220;default&#8220; global_colors_info=&#8220;{}&#8220; theme_builder_area=&#8220;post_content&#8220;][et_pb_column type=&#8220;1_4&#8243; _builder_version=&#8220;4.17.4&#8243; _module_preset=&#8220;default&#8220; background_color=&#8220;#D6D6D6&#8243; global_colors_info=&#8220;{}&#8220; theme_builder_area=&#8220;post_content&#8220;][et_pb_image src=&#8220;https:\/\/xn--elfenhrchen-verlag-h3b.de\/wp-content\/uploads\/2024\/03\/Cover-Website-Elfenoehrchen-Kopie.png&#8220; title_text=&#8220;Cover Das Universum in dir&#8220; url=&#8220;@ET-DC@eyJkeW5hbWljIjp0cnVlLCJjb250ZW50IjoicG9zdF9saW5rX3VybF9wYWdlIiwic2V0dGluZ3MiOnsicG9zdF9pZCI6IjU4MCJ9fQ==@&#8220; _builder_version=&#8220;4.17.4&#8243; _dynamic_attributes=&#8220;url&#8220; _module_preset=&#8220;default&#8220; global_colors_info=&#8220;{}&#8220; theme_builder_area=&#8220;post_content&#8220;][\/et_pb_image][et_pb_text _builder_version=&#8220;4.17.4&#8243; _dynamic_attributes=&#8220;link_option_url&#8220; _module_preset=&#8220;default&#8220; link_option_url=&#8220;@ET-DC@eyJkeW5hbWljIjp0cnVlLCJjb250ZW50IjoicG9zdF9saW5rX3VybF9wYWdlIiwic2V0dGluZ3MiOnsicG9zdF9pZCI6IjU4MCJ9fQ==@&#8220; link_option_url_new_window=&#8220;on&#8220; global_colors_info=&#8220;{}&#8220; theme_builder_area=&#8220;post_content&#8220;]<\/p>\n<p><strong>Das Universum in Dir<\/strong><\/p>\n<p>\u20ac25,95 Euro |\u20ac16,95 Euro<\/p>\n<p>[\/et_pb_text][\/et_pb_column][et_pb_column type=&#8220;1_4&#8243; _builder_version=&#8220;4.17.4&#8243; _module_preset=&#8220;default&#8220; global_colors_info=&#8220;{}&#8220; theme_builder_area=&#8220;post_content&#8220;][et_pb_image src=&#8220;https:\/\/xn--elfenhrchen-verlag-h3b.de\/wp-content\/uploads\/2023\/07\/3.png&#8220; title_text=&#8220;3&#8243; url=&#8220;@ET-DC@eyJkeW5hbWljIjp0cnVlLCJjb250ZW50IjoicG9zdF9saW5rX3VybF9wYWdlIiwic2V0dGluZ3MiOnsicG9zdF9pZCI6IjYyMiJ9fQ==@&#8220; _builder_version=&#8220;4.17.4&#8243; _dynamic_attributes=&#8220;url&#8220; _module_preset=&#8220;default&#8220; global_colors_info=&#8220;{}&#8220; theme_builder_area=&#8220;post_content&#8220;][\/et_pb_image][et_pb_text _builder_version=&#8220;4.17.4&#8243; _dynamic_attributes=&#8220;link_option_url&#8220; _module_preset=&#8220;default&#8220; link_option_url=&#8220;@ET-DC@eyJkeW5hbWljIjp0cnVlLCJjb250ZW50IjoicG9zdF9saW5rX3VybF9wYWdlIiwic2V0dGluZ3MiOnsicG9zdF9pZCI6IjYyMiJ9fQ==@&#8220; global_colors_info=&#8220;{}&#8220; theme_builder_area=&#8220;post_content&#8220;]<\/p>\n<p><strong>The Love in You<\/strong><\/p>\n<p>\u20ac25,95 Euro |\u20ac16,95 Euro<\/p>\n<p>[\/et_pb_text][\/et_pb_column][et_pb_column type=&#8220;1_4&#8243; _builder_version=&#8220;4.17.4&#8243; _module_preset=&#8220;default&#8220; global_colors_info=&#8220;{}&#8220; theme_builder_area=&#8220;post_content&#8220;][et_pb_image src=&#8220;https:\/\/xn--elfenhrchen-verlag-h3b.de\/wp-content\/uploads\/2023\/07\/2-1.png&#8220; title_text=&#8220;Cover Tempel&#8220; url=&#8220;@ET-DC@eyJkeW5hbWljIjp0cnVlLCJjb250ZW50IjoicG9zdF9saW5rX3VybF9wYWdlIiwic2V0dGluZ3MiOnsicG9zdF9pZCI6Ijc2MSJ9fQ==@&#8220; _builder_version=&#8220;4.17.4&#8243; _dynamic_attributes=&#8220;url&#8220; _module_preset=&#8220;default&#8220; global_colors_info=&#8220;{}&#8220; theme_builder_area=&#8220;post_content&#8220;][\/et_pb_image][et_pb_text _builder_version=&#8220;4.17.4&#8243; _dynamic_attributes=&#8220;link_option_url&#8220; _module_preset=&#8220;default&#8220; link_option_url=&#8220;@ET-DC@eyJkeW5hbWljIjp0cnVlLCJjb250ZW50IjoicG9zdF9saW5rX3VybF9wYWdlIiwic2V0dGluZ3MiOnsicG9zdF9pZCI6Ijc2MSJ9fQ==@&#8220; global_colors_info=&#8220;{}&#8220; theme_builder_area=&#8220;post_content&#8220;]<\/p>\n<p><strong>Ein Tempel f\u00fcr Dich<\/strong><\/p>\n<p>\u20ac25,95 Euro |\u20ac16,95 Euro<\/p>\n<p>[\/et_pb_text][\/et_pb_column][et_pb_column type=&#8220;1_4&#8243; _builder_version=&#8220;4.17.4&#8243; _module_preset=&#8220;default&#8220; global_colors_info=&#8220;{}&#8220; theme_builder_area=&#8220;post_content&#8220;][et_pb_image src=&#8220;https:\/\/xn--elfenhrchen-verlag-h3b.de\/wp-content\/uploads\/2024\/03\/Cover-Website-Elfenoehrchen.png&#8220; title_text=&#8220;Cover Sag mal, mobbt&#8217;s bei dir&#8220; url=&#8220;@ET-DC@eyJkeW5hbWljIjp0cnVlLCJjb250ZW50IjoicG9zdF9saW5rX3VybF9wYWdlIiwic2V0dGluZ3MiOnsicG9zdF9pZCI6Ijc2NyJ9fQ==@&#8220; _builder_version=&#8220;4.17.4&#8243; _dynamic_attributes=&#8220;url&#8220; _module_preset=&#8220;default&#8220; global_colors_info=&#8220;{}&#8220; theme_builder_area=&#8220;post_content&#8220;][\/et_pb_image][et_pb_text _builder_version=&#8220;4.17.4&#8243; _dynamic_attributes=&#8220;link_option_url&#8220; _module_preset=&#8220;default&#8220; link_option_url=&#8220;@ET-DC@eyJkeW5hbWljIjp0cnVlLCJjb250ZW50IjoicG9zdF9saW5rX3VybF9wYWdlIiwic2V0dGluZ3MiOnsicG9zdF9pZCI6Ijc2NyJ9fQ==@&#8220; global_colors_info=&#8220;{}&#8220; theme_builder_area=&#8220;post_content&#8220;]<\/p>\n<p><strong>Sag mal, mobbt&#8217;s bei dir?<\/strong><\/p>\n<p>\u20ac25,95 Euro |\u20ac16,95 Euro<\/p>\n<p>[\/et_pb_text][\/et_pb_column][\/et_pb_row][\/et_pb_section][et_pb_section fb_built=&#8220;1&#8243; disabled_on=&#8220;off|off|off&#8220; _builder_version=&#8220;4.17.4&#8243; _module_preset=&#8220;default&#8220; min_height=&#8220;779.7px&#8220; custom_padding=&#8220;||30px|||&#8220; global_colors_info=&#8220;{}&#8220; theme_builder_area=&#8220;post_content&#8220;][et_pb_row _builder_version=&#8220;4.17.4&#8243; _module_preset=&#8220;default&#8220; global_colors_info=&#8220;{}&#8220; theme_builder_area=&#8220;post_content&#8220;][et_pb_column type=&#8220;4_4&#8243; _builder_version=&#8220;4.17.4&#8243; _module_preset=&#8220;default&#8220; global_colors_info=&#8220;{}&#8220; theme_builder_area=&#8220;post_content&#8220;][et_pb_slider _builder_version=&#8220;4.17.4&#8243; _module_preset=&#8220;default&#8220; custom_padding=&#8220;352px||188px|||&#8220; custom_padding_tablet=&#8220;330px||||false|false&#8220; custom_padding_phone=&#8220;128px||188px||false|false&#8220; custom_padding_last_edited=&#8220;on|tablet&#8220; link_option_url=&#8220;https:\/\/amzn.to\/3kO9NN3&#8243; link_option_url_new_window=&#8220;on&#8220; border_radii_image_tablet=&#8220;&#8220; border_radii_image_phone=&#8220;on||||&#8220; border_radii_image_last_edited=&#8220;on|phone&#8220; global_colors_info=&#8220;{}&#8220; theme_builder_area=&#8220;post_content&#8220;][et_pb_slide _builder_version=&#8220;4.17.4&#8243; _module_preset=&#8220;default&#8220; background_image=&#8220;https:\/\/xn--elfenhrchen-verlag-h3b.de\/wp-content\/uploads\/2023\/04\/A-Das-Universum-in-Dir-970-\u00d7-400-px-770-\u00d7-400-px-2.png&#8220; background_enable_image=&#8220;on&#8220; width_tablet=&#8220;&#8220; width_phone=&#8220;100%&#8220; width_last_edited=&#8220;on|phone&#8220; max_width=&#8220;100%&#8220; max_width_tablet=&#8220;100%&#8220; max_width_phone=&#8220;100%&#8220; max_width_last_edited=&#8220;on|phone&#8220; custom_padding_tablet=&#8220;||0px||false|false&#8220; custom_padding_phone=&#8220;0px|0px|164px||false|false&#8220; custom_padding_last_edited=&#8220;on|tablet&#8220; background_last_edited=&#8220;on|phone&#8220; global_colors_info=&#8220;{}&#8220; sticky_transition=&#8220;on&#8220; theme_builder_area=&#8220;post_content&#8220;][\/et_pb_slide][\/et_pb_slider][et_pb_button button_url=&#8220;https:\/\/amzn.to\/3JCbKEW&#8220; url_new_window=&#8220;on&#8220; button_text=&#8220;Hol Dir jetzt Dein Exemplar von %22Der Garten in Dir%22 *&#8220; button_alignment=&#8220;center&#8220; _builder_version=&#8220;4.17.4&#8243; _module_preset=&#8220;default&#8220; custom_button=&#8220;on&#8220; button_text_color=&#8220;#000000&#8243; global_colors_info=&#8220;{}&#8220; theme_builder_area=&#8220;post_content&#8220;][\/et_pb_button][\/et_pb_column][\/et_pb_row][\/et_pb_section]<\/p>","protected":false},"excerpt":{"rendered":"<p>M\u00e4dchen k\u00f6nnen &#8211; Jungen k\u00f6nnen \u20ac24,95 Euro\u00a0M\u00e4dchen k\u00f6nnen &#8211; Jungen k\u00f6nnen Eine Einladung an Dich, Dir alles zuzutrauen! &#8211; Ab 5 Jahren! M\u00e4dchen k\u00f6nnen &#8211; Jungen k\u00f6nnen\u00a0ist das perfekte Kinderbuch f\u00fcr kleine Abenteurer und Entdecker, die keine Grenzen kennen. Mit spannenden Geschichten \u00fcber inspirierende Pers\u00f6nlichkeiten wie Rosa Parks, Malala Yousafzai, Marie Curie, Martin Luther King [&hellip;]<\/p>","protected":false},"author":1,"featured_media":0,"parent":0,"menu_order":0,"comment_status":"closed","ping_status":"closed","template":"","meta":{"_et_pb_use_builder":"on","_et_pb_old_content":"","_et_gb_content_width":"","footnotes":""},"class_list":["post-965","page","type-page","status-publish","hentry"],"yoast_head":"<!-- This site is optimized with the Yoast SEO plugin v26.8 - https:\/\/yoast.com\/product\/yoast-seo-wordpress\/ -->\n<title>M\u00e4dchen k\u00f6nnen - Jungen k\u00f6nnen - https:\/\/elfenoehrchen-verlag.de<\/title>\n<meta name=\"description\" content=\"Entdecke all die unendlichen M\u00f6glichkeiten, die in jedem von uns schlummern. Faszinierende Pers\u00f6nlichkeiten inspirieren M\u00e4dchen und Jungen zu all dem, was sie erreichen k\u00f6nnen.\" \/>\n<meta name=\"robots\" content=\"index, follow, max-snippet:-1, max-image-preview:large, max-video-preview:-1\" \/>\n<link rel=\"canonical\" href=\"https:\/\/elfenoehrchen-verlag.de\/en\/maedchenkoennen-jungenkoennen\/\" \/>\n<meta property=\"og:locale\" content=\"en_GB\" \/>\n<meta property=\"og:type\" content=\"article\" \/>\n<meta property=\"og:title\" content=\"M\u00e4dchen k\u00f6nnen - Jungen k\u00f6nnen - https:\/\/elfenoehrchen-verlag.de\" \/>\n<meta property=\"og:description\" content=\"Entdecke all die unendlichen M\u00f6glichkeiten, die in jedem von uns schlummern. Faszinierende Pers\u00f6nlichkeiten inspirieren M\u00e4dchen und Jungen zu all dem, was sie erreichen k\u00f6nnen.\" \/>\n<meta property=\"og:url\" content=\"https:\/\/elfenoehrchen-verlag.de\/en\/maedchenkoennen-jungenkoennen\/\" \/>\n<meta property=\"og:site_name\" content=\"https:\/\/elfenoehrchen-verlag.de\" \/>\n<meta property=\"article:modified_time\" content=\"2026-02-03T18:44:03+00:00\" \/>\n<meta name=\"twitter:card\" content=\"summary_large_image\" \/>\n<script type=\"application\/ld+json\" class=\"yoast-schema-graph\">{\"@context\":\"https:\/\/schema.org\",\"@graph\":[{\"@type\":\"WebPage\",\"@id\":\"https:\/\/elfenoehrchen-verlag.de\/maedchenkoennen-jungenkoennen\/\",\"url\":\"https:\/\/elfenoehrchen-verlag.de\/maedchenkoennen-jungenkoennen\/\",\"name\":\"M\u00e4dchen k\u00f6nnen - Jungen k\u00f6nnen - https:\/\/elfenoehrchen-verlag.de\",\"isPartOf\":{\"@id\":\"https:\/\/elfenoehrchen-verlag.de\/#website\"},\"datePublished\":\"2026-02-03T09:30:27+00:00\",\"dateModified\":\"2026-02-03T18:44:03+00:00\",\"description\":\"Entdecke all die unendlichen M\u00f6glichkeiten, die in jedem von uns schlummern. Faszinierende Pers\u00f6nlichkeiten inspirieren M\u00e4dchen und Jungen zu all dem, was sie erreichen k\u00f6nnen.\",\"breadcrumb\":{\"@id\":\"https:\/\/elfenoehrchen-verlag.de\/maedchenkoennen-jungenkoennen\/#breadcrumb\"},\"inLanguage\":\"en-GB\",\"potentialAction\":[{\"@type\":\"ReadAction\",\"target\":[\"https:\/\/elfenoehrchen-verlag.de\/maedchenkoennen-jungenkoennen\/\"]}]},{\"@type\":\"BreadcrumbList\",\"@id\":\"https:\/\/elfenoehrchen-verlag.de\/maedchenkoennen-jungenkoennen\/#breadcrumb\",\"itemListElement\":[{\"@type\":\"ListItem\",\"position\":1,\"name\":\"Startseite\",\"item\":\"https:\/\/elfenoehrchen-verlag.de\/\"},{\"@type\":\"ListItem\",\"position\":2,\"name\":\"M\u00e4dchen k\u00f6nnen &#8211; Jungen k\u00f6nnen\"}]},{\"@type\":\"WebSite\",\"@id\":\"https:\/\/elfenoehrchen-verlag.de\/#website\",\"url\":\"https:\/\/elfenoehrchen-verlag.de\/\",\"name\":\"https:\/\/elfenoehrchen-verlag.de\",\"description\":\"\",\"potentialAction\":[{\"@type\":\"SearchAction\",\"target\":{\"@type\":\"EntryPoint\",\"urlTemplate\":\"https:\/\/elfenoehrchen-verlag.de\/?s={search_term_string}\"},\"query-input\":{\"@type\":\"PropertyValueSpecification\",\"valueRequired\":true,\"valueName\":\"search_term_string\"}}],\"inLanguage\":\"en-GB\"}]}<\/script>\n<!-- \/ Yoast SEO plugin. -->","yoast_head_json":{"title":"M\u00e4dchen k\u00f6nnen - Jungen k\u00f6nnen - https:\/\/elfenoehrchen-verlag.de","description":"Entdecke all die unendlichen M\u00f6glichkeiten, die in jedem von uns schlummern. Faszinierende Pers\u00f6nlichkeiten inspirieren M\u00e4dchen und Jungen zu all dem, was sie erreichen k\u00f6nnen.","robots":{"index":"index","follow":"follow","max-snippet":"max-snippet:-1","max-image-preview":"max-image-preview:large","max-video-preview":"max-video-preview:-1"},"canonical":"https:\/\/elfenoehrchen-verlag.de\/en\/maedchenkoennen-jungenkoennen\/","og_locale":"en_GB","og_type":"article","og_title":"M\u00e4dchen k\u00f6nnen - Jungen k\u00f6nnen - https:\/\/elfenoehrchen-verlag.de","og_description":"Entdecke all die unendlichen M\u00f6glichkeiten, die in jedem von uns schlummern. Faszinierende Pers\u00f6nlichkeiten inspirieren M\u00e4dchen und Jungen zu all dem, was sie erreichen k\u00f6nnen.","og_url":"https:\/\/elfenoehrchen-verlag.de\/en\/maedchenkoennen-jungenkoennen\/","og_site_name":"https:\/\/elfenoehrchen-verlag.de","article_modified_time":"2026-02-03T18:44:03+00:00","twitter_card":"summary_large_image","schema":{"@context":"https:\/\/schema.org","@graph":[{"@type":"WebPage","@id":"https:\/\/elfenoehrchen-verlag.de\/maedchenkoennen-jungenkoennen\/","url":"https:\/\/elfenoehrchen-verlag.de\/maedchenkoennen-jungenkoennen\/","name":"M\u00e4dchen k\u00f6nnen - Jungen k\u00f6nnen - https:\/\/elfenoehrchen-verlag.de","isPartOf":{"@id":"https:\/\/elfenoehrchen-verlag.de\/#website"},"datePublished":"2026-02-03T09:30:27+00:00","dateModified":"2026-02-03T18:44:03+00:00","description":"Entdecke all die unendlichen M\u00f6glichkeiten, die in jedem von uns schlummern. Faszinierende Pers\u00f6nlichkeiten inspirieren M\u00e4dchen und Jungen zu all dem, was sie erreichen k\u00f6nnen.","breadcrumb":{"@id":"https:\/\/elfenoehrchen-verlag.de\/maedchenkoennen-jungenkoennen\/#breadcrumb"},"inLanguage":"en-GB","potentialAction":[{"@type":"ReadAction","target":["https:\/\/elfenoehrchen-verlag.de\/maedchenkoennen-jungenkoennen\/"]}]},{"@type":"BreadcrumbList","@id":"https:\/\/elfenoehrchen-verlag.de\/maedchenkoennen-jungenkoennen\/#breadcrumb","itemListElement":[{"@type":"ListItem","position":1,"name":"Startseite","item":"https:\/\/elfenoehrchen-verlag.de\/"},{"@type":"ListItem","position":2,"name":"M\u00e4dchen k\u00f6nnen &#8211; Jungen k\u00f6nnen"}]},{"@type":"WebSite","@id":"https:\/\/elfenoehrchen-verlag.de\/#website","url":"https:\/\/elfenoehrchen-verlag.de\/","name":"https:\/\/elfenoehrchen-verlag.de","description":"","potentialAction":[{"@type":"SearchAction","target":{"@type":"EntryPoint","urlTemplate":"https:\/\/elfenoehrchen-verlag.de\/?s={search_term_string}"},"query-input":{"@type":"PropertyValueSpecification","valueRequired":true,"valueName":"search_term_string"}}],"inLanguage":"en-GB"}]}},"_links":{"self":[{"href":"https:\/\/elfenoehrchen-verlag.de\/en\/wp-json\/wp\/v2\/pages\/965","targetHints":{"allow":["GET"]}}],"collection":[{"href":"https:\/\/elfenoehrchen-verlag.de\/en\/wp-json\/wp\/v2\/pages"}],"about":[{"href":"https:\/\/elfenoehrchen-verlag.de\/en\/wp-json\/wp\/v2\/types\/page"}],"author":[{"embeddable":true,"href":"https:\/\/elfenoehrchen-verlag.de\/en\/wp-json\/wp\/v2\/users\/1"}],"replies":[{"embeddable":true,"href":"https:\/\/elfenoehrchen-verlag.de\/en\/wp-json\/wp\/v2\/comments?post=965"}],"version-history":[{"count":6,"href":"https:\/\/elfenoehrchen-verlag.de\/en\/wp-json\/wp\/v2\/pages\/965\/revisions"}],"predecessor-version":[{"id":979,"href":"https:\/\/elfenoehrchen-verlag.de\/en\/wp-json\/wp\/v2\/pages\/965\/revisions\/979"}],"wp:attachment":[{"href":"https:\/\/elfenoehrchen-verlag.de\/en\/wp-json\/wp\/v2\/media?parent=965"}],"curies":[{"name":"wp","href":"https:\/\/api.w.org\/{rel}","templated":true}]}}