{"id":943,"date":"2024-10-08T11:01:09","date_gmt":"2024-10-08T09:01:09","guid":{"rendered":"https:\/\/elfenoehrchen-verlag.de\/?page_id=943"},"modified":"2024-10-08T11:14:51","modified_gmt":"2024-10-08T09:14:51","slug":"halloween","status":"publish","type":"page","link":"https:\/\/elfenoehrchen-verlag.de\/en\/halloween\/","title":{"rendered":"Halloween"},"content":{"rendered":"<p>[et_pb_section fb_built=&#8220;1&#8243; disabled_on=&#8220;off|off|off&#8220; _builder_version=&#8220;4.17.4&#8243; _module_preset=&#8220;default&#8220; global_colors_info=&#8220;{}&#8220;][et_pb_row column_structure=&#8220;1_2,1_2&#8243; _builder_version=&#8220;4.17.4&#8243; _module_preset=&#8220;default&#8220; global_colors_info=&#8220;{}&#8220;][et_pb_column type=&#8220;1_2&#8243; _builder_version=&#8220;4.17.4&#8243; _module_preset=&#8220;default&#8220; global_colors_info=&#8220;{}&#8220;][et_pb_image src=&#8220;https:\/\/elfenoehrchen-verlag.de\/wp-content\/uploads\/2024\/10\/Cover-Website-Elfenoehrchen-2.png&#8220; title_text=&#8220;Cover Halloween Buch&#8220; url=&#8220;https:\/\/amzn.to\/3Y9ImOC&#8220; url_new_window=&#8220;on&#8220; _builder_version=&#8220;4.17.4&#8243; _module_preset=&#8220;default&#8220; hover_enabled=&#8220;0&#8243; global_colors_info=&#8220;{}&#8220; sticky_enabled=&#8220;0&#8243;][\/et_pb_image][et_pb_text _builder_version=&#8220;4.17.4&#8243; _module_preset=&#8220;default&#8220; link_option_url=&#8220;https:\/\/amzn.to\/3Y9ImOC&#8220; link_option_url_new_window=&#8220;on&#8220; hover_enabled=&#8220;0&#8243; global_colors_info=&#8220;{}&#8220; sticky_enabled=&#8220;0&#8243;]<\/p>\n<p><strong>Halloween &#8211; Schaurig skurrile Geschichten aus D\u00fcsterhain!<\/strong><\/p>\n<p>\u20ac24,95 Euro |\u20ac14,99 Euro<\/p>\n<p>[\/et_pb_text][\/et_pb_column][et_pb_column type=&#8220;1_2&#8243; _builder_version=&#8220;4.17.4&#8243; _module_preset=&#8220;default&#8220; global_colors_info=&#8220;{}&#8220;][et_pb_text _builder_version=&#8220;4.17.4&#8243; _module_preset=&#8220;default&#8220; link_option_url=&#8220;https:\/\/amzn.to\/3Y9ImOC&#8220; link_option_url_new_window=&#8220;on&#8220; global_colors_info=&#8220;{}&#8220;]<\/p>\n<h4><strong><span class=\"a-text-bold\">\u00a0Halloween<\/span><\/strong><\/h4>\n<p><strong><span class=\"a-text-bold\"><\/span><\/strong><\/p>\n<p><strong><span class=\"a-text-bold\">Schaurig skurrile Geschichten aus D\u00fcsterhain!<\/span><\/strong><\/p>\n<div class=\"adn ads\" data-message-id=\"#msg-a:r-2611790761295270251\" data-legacy-message-id=\"1925138dbe39b19c\">\n<div class=\"gs\">\n<div class=\"\">\n<div id=\":3pq\" class=\"ii gt\" jslog=\"20277; u014N:xr6bB; 1:WyIjdGhyZWFkLWE6cjI5OTA4NTM1MTY0NTc5NjEwMTAiXQ..; 4:WyIjbXNnLWE6ci0yNjExNzkwNzYxMjk1MjcwMjUxIixudWxsLG51bGwsbnVsbCxudWxsLG51bGwsbnVsbCxudWxsLG51bGwsbnVsbCxudWxsLG51bGwsbnVsbCxudWxsLG51bGwsbnVsbCxudWxsLG51bGwsbnVsbCxudWxsLG51bGwsbnVsbCxudWxsLG51bGwsMF0.\">\n<div id=\":3pp\" class=\"a3s aiL\">\n<div dir=\"ltr\">\n<p><i><b>Sei gewarnt!<br \/><\/b><\/i>Dieses Buch ist absolut<span>\u00a0<\/span><b>NICHTS f\u00fcr schwache Gem\u00fcter!<\/b><span>\u00a0<\/span>Es ist gef\u00e4hrlich und erweckt so manchen schaurig-gr\u00e4\u00dflichen Grusel und lockt Albtr\u00e4ume aus schwarzen Herbstn\u00e4chten in eure Betten.<\/p>\n<p>Es wird ausdr\u00fccklich gewarnt: Dieses Buch lest ihr auf eigene Gefahr! Von skurril \u00fcber niedlich bis hin zu gruselig-d\u00fcster reichen die Worte und Bilder auf den folgenden Seiten. Die Autorin \u00fcbernimmt keine Verantwortung f\u00fcr durch das Lesen dieses Buches entstandene Sch\u00e4den!<\/p>\n<p><i><b>Das erwartet Dich:<\/b><\/i><br \/>In D\u00fcsterhain wartet zu<span>\u00a0<\/span><span class=\"il\">Halloween<\/span><span>\u00a0<\/span>an allen Enden und Ecken, in allen Gruften und Baumkronen der sch\u00f6nste und skurrilste Spuk, den ein Dorf je erlebt hat. Macht euch bereit f\u00fcr:<\/p>\n<ul>\n<li>Skurrile Kurzgeschichten<\/li>\n<li>Verr\u00fcckte Gedichte<\/li>\n<li>Wundersch\u00f6ne Illustrationen<\/li>\n<li>Unerwartete Wendungen<\/li>\n<\/ul>\n<p>Erlebe den einstigen Schrecken von D\u00fcsterhain, Jacklanternius K\u00fcrbiskopf und erfahre, wie der kleine Vampir von Gruft seine Familie davon \u00fcberzeugt, dass er gruselig sein kann, auch ohne Blut zu trinken. Wusstest du schon, dass es der Club der Schwarzpfoten (sieben mutige schwarze Katzen) ist, der die schrecklichen Schabernackgeister aus den K\u00fcrbisfeldern vertreibt? Und was hat es mit Frank van Stein auf sich, dessen Arme und Beine so gar nicht zu seinem K\u00f6rper passen wollen und einfach tun, was sie wollen? Was treibt ein Vampirtier und was macht eine Fledermaus, die sich am liebsten selbst erschreckt?<\/p>\n<p><b>Achtung! Es gibt Unterschiede zwischen Hardcover und Softcover!<br \/><\/b>Das Hardcover umfasst einen Mitmach-Teil, mehr Illustrationen und ein schuriges Gedicht mehr als das Softcover. Alle weiteren Geschichten sind jedoch identisch!<\/p>\n<p><b>Wichtiger Hinweis der Redaktion:<\/b><\/p>\n<p>Liebe Eltern,<\/p>\n<p>nat\u00fcrlich wurde bei diesen Eingangsworten schaurig-sch\u00f6n \u00fcbertrieben, dennoch bitten wir darum, dass ihr euch die Geschichten und Bilder<span>\u00a0<\/span><b>VORAB OHNE EURE KINDER<\/b><span>\u00a0<\/span>anschaut und entscheidet, was euer Kind schon an Grusel-Level vertr\u00e4gt und was noch nicht. Dieses Buch ist explizit f\u00fcr Kinder entwickelt, die sich gerne gruseln m\u00f6chten und schaurige M\u00e4rchen zu<span>\u00a0<\/span><span class=\"il\">Halloween<\/span><span>\u00a0<\/span>lieben. W\u00e4hrend sich das eine Kind schon mit f\u00fcnf Jahren beschwert, dass Kinder-<span class=\"il\">Halloween<\/span><span>\u00a0<\/span>Dinge einfach nicht gruselig genug sind, findet manch 10-j\u00e4hriges Kind Disney-Filme zu aufw\u00fchlend. Ihr seid die Experten f\u00fcr eure Kinder, die Entscheidung liegt bei euch!<\/p>\n<\/div>\n<\/div>\n<\/div>\n<\/div>\n<\/div>\n<\/div>\n<p>[\/et_pb_text][et_pb_button button_url=&#8220;https:\/\/amzn.to\/3Y9ImOC&#8220; url_new_window=&#8220;on&#8220; button_text=&#8220;Jetzt kaufen *&#8220; button_alignment=&#8220;center&#8220; _builder_version=&#8220;4.17.4&#8243; _module_preset=&#8220;default&#8220; custom_button=&#8220;on&#8220; button_text_color=&#8220;#000000&#8243; custom_margin=&#8220;19px|||||&#8220; hover_enabled=&#8220;0&#8243; global_colors_info=&#8220;{}&#8220; sticky_enabled=&#8220;0&#8243;][\/et_pb_button][\/et_pb_column][\/et_pb_row][\/et_pb_section][et_pb_section fb_built=&#8220;1&#8243; _builder_version=&#8220;4.17.4&#8243; _module_preset=&#8220;default&#8220; background_color=&#8220;#D6D6D6&#8243; custom_padding=&#8220;4px|||||&#8220; global_colors_info=&#8220;{}&#8220;][et_pb_row _builder_version=&#8220;4.17.4&#8243; _module_preset=&#8220;default&#8220; min_height=&#8220;62px&#8220; custom_padding=&#8220;20px||3px|||&#8220; global_colors_info=&#8220;{}&#8220;][et_pb_column type=&#8220;4_4&#8243; _builder_version=&#8220;4.17.4&#8243; _module_preset=&#8220;default&#8220; global_colors_info=&#8220;{}&#8220;][et_pb_text _builder_version=&#8220;4.17.4&#8243; _module_preset=&#8220;default&#8220; global_colors_info=&#8220;{}&#8220;]<\/p>\n<h2><strong>Diese B\u00fccher k\u00f6nnten Dir auch gefallen:<\/strong><\/h2>\n<p>[\/et_pb_text][\/et_pb_column][\/et_pb_row][et_pb_row column_structure=&#8220;1_4,1_4,1_4,1_4&#8243; _builder_version=&#8220;4.17.4&#8243; _module_preset=&#8220;default&#8220; global_colors_info=&#8220;{}&#8220;][et_pb_column type=&#8220;1_4&#8243; _builder_version=&#8220;4.17.4&#8243; _module_preset=&#8220;default&#8220; background_color=&#8220;#D6D6D6&#8243; global_colors_info=&#8220;{}&#8220;][et_pb_image src=&#8220;https:\/\/xn--elfenhrchen-verlag-h3b.de\/wp-content\/uploads\/2023\/07\/4.png&#8220; title_text=&#8220;4&#8243; url=&#8220;@ET-DC@eyJkeW5hbWljIjp0cnVlLCJjb250ZW50IjoicG9zdF9saW5rX3VybF9wYWdlIiwic2V0dGluZ3MiOnsicG9zdF9pZCI6IjYwMiJ9fQ==@&#8220; _builder_version=&#8220;4.17.4&#8243; _dynamic_attributes=&#8220;url&#8220; _module_preset=&#8220;default&#8220; global_colors_info=&#8220;{}&#8220;][\/et_pb_image][et_pb_text _builder_version=&#8220;4.17.4&#8243; _dynamic_attributes=&#8220;link_option_url&#8220; _module_preset=&#8220;default&#8220; link_option_url=&#8220;@ET-DC@eyJkeW5hbWljIjp0cnVlLCJjb250ZW50IjoicG9zdF9saW5rX3VybF9wYWdlIiwic2V0dGluZ3MiOnsicG9zdF9pZCI6IjYwMiJ9fQ==@&#8220; link_option_url_new_window=&#8220;on&#8220; global_colors_info=&#8220;{}&#8220;]<\/p>\n<p><strong>The Garden in You<\/strong><\/p>\n<p>\u20ac25,95 Euro |\u20ac16,95 Euro<\/p>\n<p>[\/et_pb_text][\/et_pb_column][et_pb_column type=&#8220;1_4&#8243; _builder_version=&#8220;4.17.4&#8243; _module_preset=&#8220;default&#8220; global_colors_info=&#8220;{}&#8220;][et_pb_image src=&#8220;https:\/\/xn--elfenhrchen-verlag-h3b.de\/wp-content\/uploads\/2024\/03\/Cover-Website-Elfenoehrchen-Kopie.png&#8220; title_text=&#8220;Cover Das Universum in dir&#8220; url=&#8220;@ET-DC@eyJkeW5hbWljIjp0cnVlLCJjb250ZW50IjoicG9zdF9saW5rX3VybF9wYWdlIiwic2V0dGluZ3MiOnsicG9zdF9pZCI6IjU4MCJ9fQ==@&#8220; _builder_version=&#8220;4.17.4&#8243; _dynamic_attributes=&#8220;url&#8220; _module_preset=&#8220;default&#8220; global_colors_info=&#8220;{}&#8220;][\/et_pb_image][et_pb_text _builder_version=&#8220;4.17.4&#8243; _dynamic_attributes=&#8220;link_option_url&#8220; _module_preset=&#8220;default&#8220; link_option_url=&#8220;@ET-DC@eyJkeW5hbWljIjp0cnVlLCJjb250ZW50IjoicG9zdF9saW5rX3VybF9wYWdlIiwic2V0dGluZ3MiOnsicG9zdF9pZCI6IjU4MCJ9fQ==@&#8220; global_colors_info=&#8220;{}&#8220;]<\/p>\n<p><strong>The Love in You<\/strong><\/p>\n<p>\u20ac25,95 Euro |\u20ac16,95 Euro<\/p>\n<p>[\/et_pb_text][\/et_pb_column][et_pb_column type=&#8220;1_4&#8243; _builder_version=&#8220;4.17.4&#8243; _module_preset=&#8220;default&#8220; global_colors_info=&#8220;{}&#8220;][et_pb_image src=&#8220;https:\/\/xn--elfenhrchen-verlag-h3b.de\/wp-content\/uploads\/2023\/07\/2-1.png&#8220; title_text=&#8220;Cover Tempel&#8220; url=&#8220;@ET-DC@eyJkeW5hbWljIjp0cnVlLCJjb250ZW50IjoicG9zdF9saW5rX3VybF9wYWdlIiwic2V0dGluZ3MiOnsicG9zdF9pZCI6Ijc2MSJ9fQ==@&#8220; _builder_version=&#8220;4.17.4&#8243; _dynamic_attributes=&#8220;url&#8220; _module_preset=&#8220;default&#8220; global_colors_info=&#8220;{}&#8220;][\/et_pb_image][et_pb_text _builder_version=&#8220;4.17.4&#8243; _dynamic_attributes=&#8220;link_option_url&#8220; _module_preset=&#8220;default&#8220; link_option_url=&#8220;@ET-DC@eyJkeW5hbWljIjp0cnVlLCJjb250ZW50IjoicG9zdF9saW5rX3VybF9wYWdlIiwic2V0dGluZ3MiOnsicG9zdF9pZCI6Ijc2MSJ9fQ==@&#8220; global_colors_info=&#8220;{}&#8220;]<\/p>\n<p><strong>Ein Tempel f\u00fcr Dich<\/strong><\/p>\n<p>\u20ac25,95 Euro |\u20ac16,95 Euro<\/p>\n<p>[\/et_pb_text][\/et_pb_column][et_pb_column type=&#8220;1_4&#8243; _builder_version=&#8220;4.17.4&#8243; _module_preset=&#8220;default&#8220; global_colors_info=&#8220;{}&#8220;][et_pb_image src=&#8220;https:\/\/xn--elfenhrchen-verlag-h3b.de\/wp-content\/uploads\/2024\/03\/Cover-Website-Elfenoehrchen.png&#8220; title_text=&#8220;Cover Sag mal, mobbt&#8217;s bei dir&#8220; url=&#8220;@ET-DC@eyJkeW5hbWljIjp0cnVlLCJjb250ZW50IjoicG9zdF9saW5rX3VybF9wYWdlIiwic2V0dGluZ3MiOnsicG9zdF9pZCI6Ijc2NyJ9fQ==@&#8220; _builder_version=&#8220;4.17.4&#8243; _dynamic_attributes=&#8220;url&#8220; _module_preset=&#8220;default&#8220; global_colors_info=&#8220;{}&#8220;][\/et_pb_image][et_pb_text _builder_version=&#8220;4.17.4&#8243; _dynamic_attributes=&#8220;link_option_url&#8220; _module_preset=&#8220;default&#8220; link_option_url=&#8220;@ET-DC@eyJkeW5hbWljIjp0cnVlLCJjb250ZW50IjoicG9zdF9saW5rX3VybF9wYWdlIiwic2V0dGluZ3MiOnsicG9zdF9pZCI6Ijc2NyJ9fQ==@&#8220; global_colors_info=&#8220;{}&#8220;]<\/p>\n<p><strong>Sag mal, mobbt&#8217;s bei dir?<\/strong><\/p>\n<p>\u20ac25,95 Euro |\u20ac16,95 Euro<\/p>\n<p>[\/et_pb_text][\/et_pb_column][\/et_pb_row][\/et_pb_section][et_pb_section fb_built=&#8220;1&#8243; disabled_on=&#8220;off|off|off&#8220; _builder_version=&#8220;4.17.4&#8243; _module_preset=&#8220;default&#8220; custom_padding=&#8220;||0px|||&#8220; global_colors_info=&#8220;{}&#8220;][et_pb_row _builder_version=&#8220;4.17.4&#8243; _module_preset=&#8220;default&#8220; global_colors_info=&#8220;{}&#8220;][et_pb_column type=&#8220;4_4&#8243; _builder_version=&#8220;4.17.4&#8243; _module_preset=&#8220;default&#8220; global_colors_info=&#8220;{}&#8220;][et_pb_image src=&#8220;https:\/\/elfenoehrchen-verlag.de\/wp-content\/uploads\/2024\/10\/Website-Slider-Halloween.png&#8220; title_text=&#8220;Website Slider Halloween&#8220; _builder_version=&#8220;4.17.4&#8243; _module_preset=&#8220;default&#8220; global_colors_info=&#8220;{}&#8220;][\/et_pb_image][et_pb_button button_url=&#8220;https:\/\/amzn.to\/3Y9ImOC&#8220; url_new_window=&#8220;on&#8220; button_text=&#8220;Hol Dir Dein Exemplar von %22Halloween%22*&#8220; button_alignment=&#8220;center&#8220; _builder_version=&#8220;4.17.4&#8243; _module_preset=&#8220;default&#8220; hover_enabled=&#8220;0&#8243; global_colors_info=&#8220;{}&#8220; sticky_enabled=&#8220;0&#8243;][\/et_pb_button][\/et_pb_column][\/et_pb_row][\/et_pb_section]<\/p>","protected":false},"excerpt":{"rendered":"<p>Halloween &#8211; Schaurig skurrile Geschichten aus D\u00fcsterhain! \u20ac24,95 Euro |\u20ac14,99 Euro\u00a0Halloween Schaurig skurrile Geschichten aus D\u00fcsterhain! Sei gewarnt!Dieses Buch ist absolut\u00a0NICHTS f\u00fcr schwache Gem\u00fcter!\u00a0Es ist gef\u00e4hrlich und erweckt so manchen schaurig-gr\u00e4\u00dflichen Grusel und lockt Albtr\u00e4ume aus schwarzen Herbstn\u00e4chten in eure Betten. Es wird ausdr\u00fccklich gewarnt: Dieses Buch lest ihr auf eigene Gefahr! Von skurril \u00fcber [&hellip;]<\/p>","protected":false},"author":1,"featured_media":0,"parent":0,"menu_order":0,"comment_status":"closed","ping_status":"closed","template":"","meta":{"_et_pb_use_builder":"on","_et_pb_old_content":"","_et_gb_content_width":"","footnotes":""},"class_list":["post-943","page","type-page","status-publish","hentry"],"yoast_head":"<!-- This site is optimized with the Yoast SEO plugin v26.8 - https:\/\/yoast.com\/product\/yoast-seo-wordpress\/ -->\n<title>Halloween - https:\/\/elfenoehrchen-verlag.de<\/title>\n<meta name=\"robots\" content=\"index, follow, max-snippet:-1, max-image-preview:large, max-video-preview:-1\" \/>\n<link rel=\"canonical\" href=\"https:\/\/elfenoehrchen-verlag.de\/en\/halloween\/\" \/>\n<meta property=\"og:locale\" content=\"en_GB\" \/>\n<meta property=\"og:type\" content=\"article\" \/>\n<meta property=\"og:title\" content=\"Halloween - https:\/\/elfenoehrchen-verlag.de\" \/>\n<meta property=\"og:description\" content=\"Halloween - Schaurig skurrile Geschichten aus D\u00fcsterhain! \u20ac24,95 Euro |\u20ac14,99 Euro\u00a0Halloween Schaurig skurrile Geschichten aus D\u00fcsterhain! Sei gewarnt!Dieses Buch ist absolut\u00a0NICHTS f\u00fcr schwache Gem\u00fcter!\u00a0Es ist gef\u00e4hrlich und erweckt so manchen schaurig-gr\u00e4\u00dflichen Grusel und lockt Albtr\u00e4ume aus schwarzen Herbstn\u00e4chten in eure Betten. Es wird ausdr\u00fccklich gewarnt: Dieses Buch lest ihr auf eigene Gefahr! Von skurril \u00fcber [&hellip;]\" \/>\n<meta property=\"og:url\" content=\"https:\/\/elfenoehrchen-verlag.de\/en\/halloween\/\" \/>\n<meta property=\"og:site_name\" content=\"https:\/\/elfenoehrchen-verlag.de\" \/>\n<meta property=\"article:modified_time\" content=\"2024-10-08T09:14:51+00:00\" \/>\n<meta name=\"twitter:card\" content=\"summary_large_image\" \/>\n<script type=\"application\/ld+json\" class=\"yoast-schema-graph\">{\"@context\":\"https:\/\/schema.org\",\"@graph\":[{\"@type\":\"WebPage\",\"@id\":\"https:\/\/elfenoehrchen-verlag.de\/halloween\/\",\"url\":\"https:\/\/elfenoehrchen-verlag.de\/halloween\/\",\"name\":\"Halloween - https:\/\/elfenoehrchen-verlag.de\",\"isPartOf\":{\"@id\":\"https:\/\/elfenoehrchen-verlag.de\/#website\"},\"datePublished\":\"2024-10-08T09:01:09+00:00\",\"dateModified\":\"2024-10-08T09:14:51+00:00\",\"breadcrumb\":{\"@id\":\"https:\/\/elfenoehrchen-verlag.de\/halloween\/#breadcrumb\"},\"inLanguage\":\"en-GB\",\"potentialAction\":[{\"@type\":\"ReadAction\",\"target\":[\"https:\/\/elfenoehrchen-verlag.de\/halloween\/\"]}]},{\"@type\":\"BreadcrumbList\",\"@id\":\"https:\/\/elfenoehrchen-verlag.de\/halloween\/#breadcrumb\",\"itemListElement\":[{\"@type\":\"ListItem\",\"position\":1,\"name\":\"Startseite\",\"item\":\"https:\/\/elfenoehrchen-verlag.de\/\"},{\"@type\":\"ListItem\",\"position\":2,\"name\":\"Halloween\"}]},{\"@type\":\"WebSite\",\"@id\":\"https:\/\/elfenoehrchen-verlag.de\/#website\",\"url\":\"https:\/\/elfenoehrchen-verlag.de\/\",\"name\":\"https:\/\/elfenoehrchen-verlag.de\",\"description\":\"\",\"potentialAction\":[{\"@type\":\"SearchAction\",\"target\":{\"@type\":\"EntryPoint\",\"urlTemplate\":\"https:\/\/elfenoehrchen-verlag.de\/?s={search_term_string}\"},\"query-input\":{\"@type\":\"PropertyValueSpecification\",\"valueRequired\":true,\"valueName\":\"search_term_string\"}}],\"inLanguage\":\"en-GB\"}]}<\/script>\n<!-- \/ Yoast SEO plugin. -->","yoast_head_json":{"title":"Halloween - https:\/\/elfenoehrchen-verlag.de","robots":{"index":"index","follow":"follow","max-snippet":"max-snippet:-1","max-image-preview":"max-image-preview:large","max-video-preview":"max-video-preview:-1"},"canonical":"https:\/\/elfenoehrchen-verlag.de\/en\/halloween\/","og_locale":"en_GB","og_type":"article","og_title":"Halloween - https:\/\/elfenoehrchen-verlag.de","og_description":"Halloween - Schaurig skurrile Geschichten aus D\u00fcsterhain! \u20ac24,95 Euro |\u20ac14,99 Euro\u00a0Halloween Schaurig skurrile Geschichten aus D\u00fcsterhain! Sei gewarnt!Dieses Buch ist absolut\u00a0NICHTS f\u00fcr schwache Gem\u00fcter!\u00a0Es ist gef\u00e4hrlich und erweckt so manchen schaurig-gr\u00e4\u00dflichen Grusel und lockt Albtr\u00e4ume aus schwarzen Herbstn\u00e4chten in eure Betten. Es wird ausdr\u00fccklich gewarnt: Dieses Buch lest ihr auf eigene Gefahr! Von skurril \u00fcber [&hellip;]","og_url":"https:\/\/elfenoehrchen-verlag.de\/en\/halloween\/","og_site_name":"https:\/\/elfenoehrchen-verlag.de","article_modified_time":"2024-10-08T09:14:51+00:00","twitter_card":"summary_large_image","schema":{"@context":"https:\/\/schema.org","@graph":[{"@type":"WebPage","@id":"https:\/\/elfenoehrchen-verlag.de\/halloween\/","url":"https:\/\/elfenoehrchen-verlag.de\/halloween\/","name":"Halloween - https:\/\/elfenoehrchen-verlag.de","isPartOf":{"@id":"https:\/\/elfenoehrchen-verlag.de\/#website"},"datePublished":"2024-10-08T09:01:09+00:00","dateModified":"2024-10-08T09:14:51+00:00","breadcrumb":{"@id":"https:\/\/elfenoehrchen-verlag.de\/halloween\/#breadcrumb"},"inLanguage":"en-GB","potentialAction":[{"@type":"ReadAction","target":["https:\/\/elfenoehrchen-verlag.de\/halloween\/"]}]},{"@type":"BreadcrumbList","@id":"https:\/\/elfenoehrchen-verlag.de\/halloween\/#breadcrumb","itemListElement":[{"@type":"ListItem","position":1,"name":"Startseite","item":"https:\/\/elfenoehrchen-verlag.de\/"},{"@type":"ListItem","position":2,"name":"Halloween"}]},{"@type":"WebSite","@id":"https:\/\/elfenoehrchen-verlag.de\/#website","url":"https:\/\/elfenoehrchen-verlag.de\/","name":"https:\/\/elfenoehrchen-verlag.de","description":"","potentialAction":[{"@type":"SearchAction","target":{"@type":"EntryPoint","urlTemplate":"https:\/\/elfenoehrchen-verlag.de\/?s={search_term_string}"},"query-input":{"@type":"PropertyValueSpecification","valueRequired":true,"valueName":"search_term_string"}}],"inLanguage":"en-GB"}]}},"_links":{"self":[{"href":"https:\/\/elfenoehrchen-verlag.de\/en\/wp-json\/wp\/v2\/pages\/943","targetHints":{"allow":["GET"]}}],"collection":[{"href":"https:\/\/elfenoehrchen-verlag.de\/en\/wp-json\/wp\/v2\/pages"}],"about":[{"href":"https:\/\/elfenoehrchen-verlag.de\/en\/wp-json\/wp\/v2\/types\/page"}],"author":[{"embeddable":true,"href":"https:\/\/elfenoehrchen-verlag.de\/en\/wp-json\/wp\/v2\/users\/1"}],"replies":[{"embeddable":true,"href":"https:\/\/elfenoehrchen-verlag.de\/en\/wp-json\/wp\/v2\/comments?post=943"}],"version-history":[{"count":3,"href":"https:\/\/elfenoehrchen-verlag.de\/en\/wp-json\/wp\/v2\/pages\/943\/revisions"}],"predecessor-version":[{"id":957,"href":"https:\/\/elfenoehrchen-verlag.de\/en\/wp-json\/wp\/v2\/pages\/943\/revisions\/957"}],"wp:attachment":[{"href":"https:\/\/elfenoehrchen-verlag.de\/en\/wp-json\/wp\/v2\/media?parent=943"}],"curies":[{"name":"wp","href":"https:\/\/api.w.org\/{rel}","templated":true}]}}