{"id":791,"date":"2024-03-21T08:13:12","date_gmt":"2024-03-21T07:13:12","guid":{"rendered":"https:\/\/xn--elfenhrchen-verlag-h3b.de\/?page_id=791"},"modified":"2024-03-21T13:07:31","modified_gmt":"2024-03-21T12:07:31","slug":"der-osterdrache","status":"publish","type":"page","link":"https:\/\/elfenoehrchen-verlag.de\/en\/der-osterdrache\/","title":{"rendered":"Der Osterdrache"},"content":{"rendered":"<p>[et_pb_section fb_built=&#8220;1&#8243; disabled_on=&#8220;off|off|off&#8220; _builder_version=&#8220;4.17.4&#8243; _module_preset=&#8220;default&#8220; global_colors_info=&#8220;{}&#8220;][et_pb_row column_structure=&#8220;1_2,1_2&#8243; _builder_version=&#8220;4.17.4&#8243; _module_preset=&#8220;default&#8220; global_colors_info=&#8220;{}&#8220;][et_pb_column type=&#8220;1_2&#8243; _builder_version=&#8220;4.17.4&#8243; _module_preset=&#8220;default&#8220; global_colors_info=&#8220;{}&#8220;][et_pb_image src=&#8220;https:\/\/xn--elfenhrchen-verlag-h3b.de\/wp-content\/uploads\/2024\/03\/Cover-Website-Elfenoehrchen-Kopie-8.png&#8220; title_text=&#8220;Cover Osterdrache neu&#8220; url=&#8220;https:\/\/amzn.to\/48mNgcO&#8220; url_new_window=&#8220;on&#8220; _builder_version=&#8220;4.17.4&#8243; _module_preset=&#8220;default&#8220; hover_enabled=&#8220;0&#8243; global_colors_info=&#8220;{}&#8220; sticky_enabled=&#8220;0&#8243;][\/et_pb_image][et_pb_text _builder_version=&#8220;4.17.4&#8243; _module_preset=&#8220;default&#8220; link_option_url=&#8220;https:\/\/amzn.to\/48mNgcO&#8220; link_option_url_new_window=&#8220;on&#8220; global_colors_info=&#8220;{}&#8220;]<\/p>\n<p><b>Der Osterdrache<\/b><\/p>\n<p>\u20ac13,95 Euro<\/p>\n<p>[\/et_pb_text][\/et_pb_column][et_pb_column type=&#8220;1_2&#8243; _builder_version=&#8220;4.17.4&#8243; _module_preset=&#8220;default&#8220; global_colors_info=&#8220;{}&#8220;][et_pb_text _builder_version=&#8220;4.17.4&#8243; _module_preset=&#8220;default&#8220; global_colors_info=&#8220;{}&#8220;]<\/p>\n<h4><strong><span class=\"a-text-bold\">Der Osterdrache<\/span><\/strong><\/h4>\n<p><strong><span class=\"a-text-bold\"><\/span><\/strong><\/p>\n<p><strong><span class=\"a-text-bold\">Die zauberhafte Geschichte von Solly, der seine wahre Gabe findet! &#8211; Ab 3 Jahren!<\/span><\/strong><\/p>\n<p class=\"cvGsUA direction-ltr align-center para-style-body\"><span class=\"OYPEnA text-decoration-none text-strikethrough-none\">Was f\u00fcr ein Drache ist Solly Schuppelbert Qualmelot von Fl\u00e4mmchen?<\/span><\/p>\n<p class=\"cvGsUA direction-ltr align-center para-style-body\"><span class=\"OYPEnA text-decoration-none text-strikethrough-none\">Solly Schuppelbert Qualmelot von Fl\u00e4mmchen schl\u00fcpft in einer milden Fr\u00fchlingsnacht &#8211; so wie vier weitere Drachenkinder &#8211; aus seinem Ei. Jedes Drachenkind hat eine besondere Gabe und schnell entdecken die ersten vier ihre Besonderheiten. Nur Solly kann seine Gabe nicht finden. Welche Gabe steckt denn nur in Solly?<\/span><\/p>\n<p class=\"cvGsUA direction-ltr align-center para-style-body\"><span class=\"OYPEnA text-decoration-none text-strikethrough-none\">Ist er ein &#8222;Unter-Wasser&#8220;-Drache wie Babette? Ein &#8222;Kugel&#8220;-Drache wie Willroy? Oder ist Solly ein &#8222;Spuck&#8220;-Drache wie Loui?<\/span><\/p>\n<p class=\"cvGsUA direction-ltr align-center para-style-body\"><span class=\"OYPEnA text-decoration-none text-strikethrough-none\">Doch dann kommt alles ganz anders, denn Solly ist ein Osterdrache. Der erste in der Drachenfamilie. Doch was genau treibt so ein Osterdrache \u00fcberhaupt? Findet es gemeinsam in dieser zuckers\u00fc\u00dfen Ostergeschichte heraus und entdeckt den atemberaubenden Osterzauber, den so ein Osterdrache mit sich bringt. <\/span><\/p>\n<p class=\"cvGsUA direction-ltr align-center para-style-body\"><strong>Der Osterdrache st\u00e4rkt Kinder ab 3 Jahren in ihrer Entwicklung in den folgenden Bereichen:<\/strong><\/p>\n<ul class=\"a-unordered-list a-vertical\">\n<li><span class=\"a-list-item\">Den Mut, alles auszuprobieren: Solly stellt sich den verschiedensten Drachen-Aufgaben, um herauszufinden, wer er ist.<\/span><\/li>\n<li><span class=\"a-list-item\">Erkenne, das wir alle verschieden sind: Jedes Drachenkind in Sollys Familie ist auf seine ganz eigene Art besonders. Genauso wie Solly.<\/span><\/li>\n<\/ul>\n<ul><\/ul>\n<p>[\/et_pb_text][et_pb_button button_url=&#8220;https:\/\/amzn.to\/48mNgcO&#8220; url_new_window=&#8220;on&#8220; button_text=&#8220;Jetzt kaufen *&#8220; button_alignment=&#8220;center&#8220; _builder_version=&#8220;4.17.4&#8243; _module_preset=&#8220;default&#8220; custom_button=&#8220;on&#8220; button_text_color=&#8220;#000000&#8243; custom_margin=&#8220;19px|||||&#8220; global_colors_info=&#8220;{}&#8220;][\/et_pb_button][\/et_pb_column][\/et_pb_row][\/et_pb_section][et_pb_section fb_built=&#8220;1&#8243; _builder_version=&#8220;4.17.4&#8243; _module_preset=&#8220;default&#8220; background_color=&#8220;#D6D6D6&#8243; custom_padding=&#8220;5px|||||&#8220; global_colors_info=&#8220;{}&#8220;][et_pb_row _builder_version=&#8220;4.17.4&#8243; _module_preset=&#8220;default&#8220; min_height=&#8220;62px&#8220; custom_padding=&#8220;20px||3px|||&#8220; global_colors_info=&#8220;{}&#8220;][et_pb_column type=&#8220;4_4&#8243; _builder_version=&#8220;4.17.4&#8243; _module_preset=&#8220;default&#8220; global_colors_info=&#8220;{}&#8220;][et_pb_text _builder_version=&#8220;4.17.4&#8243; _module_preset=&#8220;default&#8220; global_colors_info=&#8220;{}&#8220;]<\/p>\n<h2><strong>Diese B\u00fccher k\u00f6nnten Dir auch gefallen:<\/strong><\/h2>\n<p>[\/et_pb_text][\/et_pb_column][\/et_pb_row][et_pb_row column_structure=&#8220;1_5,1_5,1_5,1_5,1_5&#8243; _builder_version=&#8220;4.17.4&#8243; _module_preset=&#8220;default&#8220; global_colors_info=&#8220;{}&#8220;][et_pb_column type=&#8220;1_5&#8243; _builder_version=&#8220;4.17.4&#8243; _module_preset=&#8220;default&#8220; background_color=&#8220;#D6D6D6&#8243; global_colors_info=&#8220;{}&#8220;][et_pb_image src=&#8220;https:\/\/xn--elfenhrchen-verlag-h3b.de\/wp-content\/uploads\/2024\/03\/Cover-Website-Elfenoehrchen-Kopie-4.png&#8220; title_text=&#8220;Cover Das Weihnachtsmonster&#8220; url=&#8220;@ET-DC@eyJkeW5hbWljIjp0cnVlLCJjb250ZW50IjoicG9zdF9saW5rX3VybF9wYWdlIiwic2V0dGluZ3MiOnsicG9zdF9pZCI6Ijc5OCJ9fQ==@&#8220; _builder_version=&#8220;4.17.4&#8243; _dynamic_attributes=&#8220;url&#8220; _module_preset=&#8220;default&#8220; global_colors_info=&#8220;{}&#8220;][\/et_pb_image][et_pb_text _builder_version=&#8220;4.17.4&#8243; _dynamic_attributes=&#8220;link_option_url&#8220; _module_preset=&#8220;default&#8220; link_option_url=&#8220;@ET-DC@eyJkeW5hbWljIjp0cnVlLCJjb250ZW50IjoicG9zdF9saW5rX3VybF9wYWdlIiwic2V0dGluZ3MiOnsicG9zdF9pZCI6Ijc5OCJ9fQ==@&#8220; global_colors_info=&#8220;{}&#8220;]<\/p>\n<p><strong>Das Weihnachtsmonster<\/strong><\/p>\n<p>\u20ac14,99 Euro<\/p>\n<p>[\/et_pb_text][\/et_pb_column][et_pb_column type=&#8220;1_5&#8243; _builder_version=&#8220;4.17.4&#8243; _module_preset=&#8220;default&#8220; global_colors_info=&#8220;{}&#8220;][et_pb_image src=&#8220;https:\/\/xn--elfenhrchen-verlag-h3b.de\/wp-content\/uploads\/2023\/07\/4.png&#8220; title_text=&#8220;4&#8243; url=&#8220;@ET-DC@eyJkeW5hbWljIjp0cnVlLCJjb250ZW50IjoicG9zdF9saW5rX3VybF9wYWdlIiwic2V0dGluZ3MiOnsicG9zdF9pZCI6IjYwMiJ9fQ==@&#8220; _builder_version=&#8220;4.17.4&#8243; _dynamic_attributes=&#8220;url&#8220; _module_preset=&#8220;default&#8220; global_colors_info=&#8220;{}&#8220;][\/et_pb_image][et_pb_text _builder_version=&#8220;4.17.4&#8243; _dynamic_attributes=&#8220;link_option_url&#8220; _module_preset=&#8220;default&#8220; link_option_url=&#8220;@ET-DC@eyJkeW5hbWljIjp0cnVlLCJjb250ZW50IjoicG9zdF9saW5rX3VybF9wYWdlIiwic2V0dGluZ3MiOnsicG9zdF9pZCI6IjYwMiJ9fQ==@&#8220; link_option_url_new_window=&#8220;on&#8220; global_colors_info=&#8220;{}&#8220;]<\/p>\n<p><strong>The Garden in You<\/strong><\/p>\n<p>\u20ac25,95 Euro |\u20ac16,95 Euro<\/p>\n<p>[\/et_pb_text][\/et_pb_column][et_pb_column type=&#8220;1_5&#8243; _builder_version=&#8220;4.17.4&#8243; _module_preset=&#8220;default&#8220; global_colors_info=&#8220;{}&#8220;][et_pb_image src=&#8220;https:\/\/xn--elfenhrchen-verlag-h3b.de\/wp-content\/uploads\/2023\/07\/3.png&#8220; title_text=&#8220;3&#8243; url=&#8220;@ET-DC@eyJkeW5hbWljIjp0cnVlLCJjb250ZW50IjoicG9zdF9saW5rX3VybF9wYWdlIiwic2V0dGluZ3MiOnsicG9zdF9pZCI6IjYyMiJ9fQ==@&#8220; _builder_version=&#8220;4.17.4&#8243; _dynamic_attributes=&#8220;url&#8220; _module_preset=&#8220;default&#8220; global_colors_info=&#8220;{}&#8220;][\/et_pb_image][et_pb_text _builder_version=&#8220;4.17.4&#8243; _dynamic_attributes=&#8220;link_option_url&#8220; _module_preset=&#8220;default&#8220; link_option_url=&#8220;@ET-DC@eyJkeW5hbWljIjp0cnVlLCJjb250ZW50IjoicG9zdF9saW5rX3VybF9wYWdlIiwic2V0dGluZ3MiOnsicG9zdF9pZCI6IjYyMiJ9fQ==@&#8220; global_colors_info=&#8220;{}&#8220;]<\/p>\n<p><strong>The Love in You<\/strong><\/p>\n<p>\u20ac25,95 Euro |\u20ac16,95 Euro<\/p>\n<p>[\/et_pb_text][\/et_pb_column][et_pb_column type=&#8220;1_5&#8243; _builder_version=&#8220;4.17.4&#8243; _module_preset=&#8220;default&#8220; global_colors_info=&#8220;{}&#8220;][et_pb_image src=&#8220;https:\/\/xn--elfenhrchen-verlag-h3b.de\/wp-content\/uploads\/2024\/03\/Cover-Website-Elfenoehrchen-Kopie.png&#8220; title_text=&#8220;Cover Das Universum in dir&#8220; url=&#8220;@ET-DC@eyJkeW5hbWljIjp0cnVlLCJjb250ZW50IjoicG9zdF9saW5rX3VybF9wYWdlIiwic2V0dGluZ3MiOnsicG9zdF9pZCI6IjU4MCJ9fQ==@&#8220; _builder_version=&#8220;4.17.4&#8243; _dynamic_attributes=&#8220;url&#8220; _module_preset=&#8220;default&#8220; global_colors_info=&#8220;{}&#8220;][\/et_pb_image][et_pb_text _builder_version=&#8220;4.17.4&#8243; _dynamic_attributes=&#8220;link_option_url&#8220; _module_preset=&#8220;default&#8220; link_option_url=&#8220;@ET-DC@eyJkeW5hbWljIjp0cnVlLCJjb250ZW50IjoicG9zdF9saW5rX3VybF9wYWdlIiwic2V0dGluZ3MiOnsicG9zdF9pZCI6IjU4MCJ9fQ==@&#8220; global_colors_info=&#8220;{}&#8220;]<\/p>\n<p><strong>Das Universum in Dir<\/strong><\/p>\n<p>\u20ac25,95 Euro |\u20ac16,95 Euro<\/p>\n<p>[\/et_pb_text][\/et_pb_column][et_pb_column type=&#8220;1_5&#8243; _builder_version=&#8220;4.17.4&#8243; _module_preset=&#8220;default&#8220; global_colors_info=&#8220;{}&#8220;][et_pb_image src=&#8220;https:\/\/xn--elfenhrchen-verlag-h3b.de\/wp-content\/uploads\/2023\/07\/2-1.png&#8220; title_text=&#8220;Cover Tempel&#8220; url=&#8220;@ET-DC@eyJkeW5hbWljIjp0cnVlLCJjb250ZW50IjoicG9zdF9saW5rX3VybF9wYWdlIiwic2V0dGluZ3MiOnsicG9zdF9pZCI6Ijc2MSJ9fQ==@&#8220; _builder_version=&#8220;4.17.4&#8243; _dynamic_attributes=&#8220;url&#8220; _module_preset=&#8220;default&#8220; global_colors_info=&#8220;{}&#8220;][\/et_pb_image][et_pb_text _builder_version=&#8220;4.17.4&#8243; _dynamic_attributes=&#8220;link_option_url&#8220; _module_preset=&#8220;default&#8220; link_option_url=&#8220;@ET-DC@eyJkeW5hbWljIjp0cnVlLCJjb250ZW50IjoicG9zdF9saW5rX3VybF9wYWdlIiwic2V0dGluZ3MiOnsicG9zdF9pZCI6Ijc2MSJ9fQ==@&#8220; global_colors_info=&#8220;{}&#8220;]<\/p>\n<p><strong>Ein Tempel f\u00fcr Dich<\/strong><\/p>\n<p>\u20ac25,95 Euro |\u20ac16,95 Euro<\/p>\n<p>[\/et_pb_text][\/et_pb_column][\/et_pb_row][\/et_pb_section][et_pb_section fb_built=&#8220;1&#8243; _builder_version=&#8220;4.17.4&#8243; _module_preset=&#8220;default&#8220; background_color=&#8220;#FFFFFF&#8220; custom_margin=&#8220;||-73px|||&#8220; custom_padding=&#8220;14px||0px|||&#8220; global_colors_info=&#8220;{}&#8220;][et_pb_row _builder_version=&#8220;4.17.4&#8243; _module_preset=&#8220;default&#8220; global_colors_info=&#8220;{}&#8220;][et_pb_column type=&#8220;4_4&#8243; _builder_version=&#8220;4.17.4&#8243; _module_preset=&#8220;default&#8220; global_colors_info=&#8220;{}&#8220;][et_pb_button button_url=&#8220;https:\/\/amzn.to\/48mNgcO&#8220; url_new_window=&#8220;on&#8220; button_text=&#8220;Hol Dir jetzt Dein Exemplar von %22Der Osterdrache%22 *&#8220; button_alignment=&#8220;center&#8220; _builder_version=&#8220;4.17.4&#8243; _module_preset=&#8220;default&#8220; custom_button=&#8220;on&#8220; button_text_color=&#8220;#000000&#8243; global_colors_info=&#8220;{}&#8220;][\/et_pb_button][et_pb_text _builder_version=&#8220;4.17.4&#8243; _module_preset=&#8220;default&#8220; global_colors_info=&#8220;{}&#8220;]<\/p>\n<p style=\"text-align: center;\"><span>* verdient Provisionen \/ Als Amazon-Partner verdiene ich an qualifizierten Verk\u00e4ufen.<\/span><\/p>\n<p>[\/et_pb_text][\/et_pb_column][\/et_pb_row][\/et_pb_section]<\/p>","protected":false},"excerpt":{"rendered":"<p>Der Osterdrache \u20ac13,95 EuroDer Osterdrache Die zauberhafte Geschichte von Solly, der seine wahre Gabe findet! &#8211; Ab 3 Jahren! Was f\u00fcr ein Drache ist Solly Schuppelbert Qualmelot von Fl\u00e4mmchen? Solly Schuppelbert Qualmelot von Fl\u00e4mmchen schl\u00fcpft in einer milden Fr\u00fchlingsnacht &#8211; so wie vier weitere Drachenkinder &#8211; aus seinem Ei. Jedes Drachenkind hat eine besondere Gabe [&hellip;]<\/p>","protected":false},"author":1,"featured_media":0,"parent":0,"menu_order":0,"comment_status":"closed","ping_status":"closed","template":"","meta":{"_et_pb_use_builder":"on","_et_pb_old_content":"","_et_gb_content_width":"","footnotes":""},"class_list":["post-791","page","type-page","status-publish","hentry"],"yoast_head":"<!-- This site is optimized with the Yoast SEO plugin v26.8 - https:\/\/yoast.com\/product\/yoast-seo-wordpress\/ -->\n<title>Der Osterdrache - https:\/\/elfenoehrchen-verlag.de<\/title>\n<meta name=\"robots\" content=\"index, follow, max-snippet:-1, max-image-preview:large, max-video-preview:-1\" \/>\n<link rel=\"canonical\" href=\"https:\/\/elfenoehrchen-verlag.de\/en\/der-osterdrache\/\" \/>\n<meta property=\"og:locale\" content=\"en_GB\" \/>\n<meta property=\"og:type\" content=\"article\" \/>\n<meta property=\"og:title\" content=\"Der Osterdrache - https:\/\/elfenoehrchen-verlag.de\" \/>\n<meta property=\"og:description\" content=\"Der Osterdrache \u20ac13,95 EuroDer Osterdrache Die zauberhafte Geschichte von Solly, der seine wahre Gabe findet! - Ab 3 Jahren! Was f\u00fcr ein Drache ist Solly Schuppelbert Qualmelot von Fl\u00e4mmchen? Solly Schuppelbert Qualmelot von Fl\u00e4mmchen schl\u00fcpft in einer milden Fr\u00fchlingsnacht - so wie vier weitere Drachenkinder - aus seinem Ei. Jedes Drachenkind hat eine besondere Gabe [&hellip;]\" \/>\n<meta property=\"og:url\" content=\"https:\/\/elfenoehrchen-verlag.de\/en\/der-osterdrache\/\" \/>\n<meta property=\"og:site_name\" content=\"https:\/\/elfenoehrchen-verlag.de\" \/>\n<meta property=\"article:modified_time\" content=\"2024-03-21T12:07:31+00:00\" \/>\n<meta name=\"twitter:card\" content=\"summary_large_image\" \/>\n<script type=\"application\/ld+json\" class=\"yoast-schema-graph\">{\"@context\":\"https:\/\/schema.org\",\"@graph\":[{\"@type\":\"WebPage\",\"@id\":\"https:\/\/elfenoehrchen-verlag.de\/der-osterdrache\/\",\"url\":\"https:\/\/elfenoehrchen-verlag.de\/der-osterdrache\/\",\"name\":\"Der Osterdrache - https:\/\/elfenoehrchen-verlag.de\",\"isPartOf\":{\"@id\":\"https:\/\/elfenoehrchen-verlag.de\/#website\"},\"datePublished\":\"2024-03-21T07:13:12+00:00\",\"dateModified\":\"2024-03-21T12:07:31+00:00\",\"breadcrumb\":{\"@id\":\"https:\/\/elfenoehrchen-verlag.de\/der-osterdrache\/#breadcrumb\"},\"inLanguage\":\"en-GB\",\"potentialAction\":[{\"@type\":\"ReadAction\",\"target\":[\"https:\/\/elfenoehrchen-verlag.de\/der-osterdrache\/\"]}]},{\"@type\":\"BreadcrumbList\",\"@id\":\"https:\/\/elfenoehrchen-verlag.de\/der-osterdrache\/#breadcrumb\",\"itemListElement\":[{\"@type\":\"ListItem\",\"position\":1,\"name\":\"Startseite\",\"item\":\"https:\/\/elfenoehrchen-verlag.de\/\"},{\"@type\":\"ListItem\",\"position\":2,\"name\":\"Der Osterdrache\"}]},{\"@type\":\"WebSite\",\"@id\":\"https:\/\/elfenoehrchen-verlag.de\/#website\",\"url\":\"https:\/\/elfenoehrchen-verlag.de\/\",\"name\":\"https:\/\/elfenoehrchen-verlag.de\",\"description\":\"\",\"potentialAction\":[{\"@type\":\"SearchAction\",\"target\":{\"@type\":\"EntryPoint\",\"urlTemplate\":\"https:\/\/elfenoehrchen-verlag.de\/?s={search_term_string}\"},\"query-input\":{\"@type\":\"PropertyValueSpecification\",\"valueRequired\":true,\"valueName\":\"search_term_string\"}}],\"inLanguage\":\"en-GB\"}]}<\/script>\n<!-- \/ Yoast SEO plugin. -->","yoast_head_json":{"title":"Der Osterdrache - https:\/\/elfenoehrchen-verlag.de","robots":{"index":"index","follow":"follow","max-snippet":"max-snippet:-1","max-image-preview":"max-image-preview:large","max-video-preview":"max-video-preview:-1"},"canonical":"https:\/\/elfenoehrchen-verlag.de\/en\/der-osterdrache\/","og_locale":"en_GB","og_type":"article","og_title":"Der Osterdrache - https:\/\/elfenoehrchen-verlag.de","og_description":"Der Osterdrache \u20ac13,95 EuroDer Osterdrache Die zauberhafte Geschichte von Solly, der seine wahre Gabe findet! - Ab 3 Jahren! Was f\u00fcr ein Drache ist Solly Schuppelbert Qualmelot von Fl\u00e4mmchen? Solly Schuppelbert Qualmelot von Fl\u00e4mmchen schl\u00fcpft in einer milden Fr\u00fchlingsnacht - so wie vier weitere Drachenkinder - aus seinem Ei. Jedes Drachenkind hat eine besondere Gabe [&hellip;]","og_url":"https:\/\/elfenoehrchen-verlag.de\/en\/der-osterdrache\/","og_site_name":"https:\/\/elfenoehrchen-verlag.de","article_modified_time":"2024-03-21T12:07:31+00:00","twitter_card":"summary_large_image","schema":{"@context":"https:\/\/schema.org","@graph":[{"@type":"WebPage","@id":"https:\/\/elfenoehrchen-verlag.de\/der-osterdrache\/","url":"https:\/\/elfenoehrchen-verlag.de\/der-osterdrache\/","name":"Der Osterdrache - https:\/\/elfenoehrchen-verlag.de","isPartOf":{"@id":"https:\/\/elfenoehrchen-verlag.de\/#website"},"datePublished":"2024-03-21T07:13:12+00:00","dateModified":"2024-03-21T12:07:31+00:00","breadcrumb":{"@id":"https:\/\/elfenoehrchen-verlag.de\/der-osterdrache\/#breadcrumb"},"inLanguage":"en-GB","potentialAction":[{"@type":"ReadAction","target":["https:\/\/elfenoehrchen-verlag.de\/der-osterdrache\/"]}]},{"@type":"BreadcrumbList","@id":"https:\/\/elfenoehrchen-verlag.de\/der-osterdrache\/#breadcrumb","itemListElement":[{"@type":"ListItem","position":1,"name":"Startseite","item":"https:\/\/elfenoehrchen-verlag.de\/"},{"@type":"ListItem","position":2,"name":"Der Osterdrache"}]},{"@type":"WebSite","@id":"https:\/\/elfenoehrchen-verlag.de\/#website","url":"https:\/\/elfenoehrchen-verlag.de\/","name":"https:\/\/elfenoehrchen-verlag.de","description":"","potentialAction":[{"@type":"SearchAction","target":{"@type":"EntryPoint","urlTemplate":"https:\/\/elfenoehrchen-verlag.de\/?s={search_term_string}"},"query-input":{"@type":"PropertyValueSpecification","valueRequired":true,"valueName":"search_term_string"}}],"inLanguage":"en-GB"}]}},"_links":{"self":[{"href":"https:\/\/elfenoehrchen-verlag.de\/en\/wp-json\/wp\/v2\/pages\/791","targetHints":{"allow":["GET"]}}],"collection":[{"href":"https:\/\/elfenoehrchen-verlag.de\/en\/wp-json\/wp\/v2\/pages"}],"about":[{"href":"https:\/\/elfenoehrchen-verlag.de\/en\/wp-json\/wp\/v2\/types\/page"}],"author":[{"embeddable":true,"href":"https:\/\/elfenoehrchen-verlag.de\/en\/wp-json\/wp\/v2\/users\/1"}],"replies":[{"embeddable":true,"href":"https:\/\/elfenoehrchen-verlag.de\/en\/wp-json\/wp\/v2\/comments?post=791"}],"version-history":[{"count":7,"href":"https:\/\/elfenoehrchen-verlag.de\/en\/wp-json\/wp\/v2\/pages\/791\/revisions"}],"predecessor-version":[{"id":862,"href":"https:\/\/elfenoehrchen-verlag.de\/en\/wp-json\/wp\/v2\/pages\/791\/revisions\/862"}],"wp:attachment":[{"href":"https:\/\/elfenoehrchen-verlag.de\/en\/wp-json\/wp\/v2\/media?parent=791"}],"curies":[{"name":"wp","href":"https:\/\/api.w.org\/{rel}","templated":true}]}}