{"id":761,"date":"2024-03-20T18:13:52","date_gmt":"2024-03-20T17:13:52","guid":{"rendered":"https:\/\/xn--elfenhrchen-verlag-h3b.de\/?page_id=761"},"modified":"2024-03-23T11:59:46","modified_gmt":"2024-03-23T10:59:46","slug":"ein-tempel-fuer-dich","status":"publish","type":"page","link":"https:\/\/elfenoehrchen-verlag.de\/en\/ein-tempel-fuer-dich\/","title":{"rendered":"Ein Tempel f\u00fcr Dich"},"content":{"rendered":"<p>[et_pb_section fb_built=&#8220;1&#8243; disabled_on=&#8220;off|off|off&#8220; _builder_version=&#8220;4.17.4&#8243; _module_preset=&#8220;default&#8220; global_colors_info=&#8220;{}&#8220;][et_pb_row column_structure=&#8220;1_2,1_2&#8243; _builder_version=&#8220;4.17.4&#8243; _module_preset=&#8220;default&#8220; global_colors_info=&#8220;{}&#8220;][et_pb_column type=&#8220;1_2&#8243; _builder_version=&#8220;4.17.4&#8243; _module_preset=&#8220;default&#8220; global_colors_info=&#8220;{}&#8220;][et_pb_image src=&#8220;https:\/\/xn--elfenhrchen-verlag-h3b.de\/wp-content\/uploads\/2023\/07\/2-1.png&#8220; title_text=&#8220;Cover Tempel&#8220; url=&#8220;https:\/\/amzn.to\/421hgIl&#8220; url_new_window=&#8220;on&#8220; _builder_version=&#8220;4.17.4&#8243; _module_preset=&#8220;default&#8220; global_colors_info=&#8220;{}&#8220;][\/et_pb_image][et_pb_text _builder_version=&#8220;4.17.4&#8243; _module_preset=&#8220;default&#8220; link_option_url=&#8220;https:\/\/amzn.to\/421hgIl&#8220; link_option_url_new_window=&#8220;on&#8220; global_colors_info=&#8220;{}&#8220;]<\/p>\n<p><strong>Ein Tempel f\u00fcr Dich<\/strong><\/p>\n<p>\u20ac25,95 Euro |\u20ac16,95 Euro<\/p>\n<p>[\/et_pb_text][\/et_pb_column][et_pb_column type=&#8220;1_2&#8243; _builder_version=&#8220;4.17.4&#8243; _module_preset=&#8220;default&#8220; global_colors_info=&#8220;{}&#8220;][et_pb_text _builder_version=&#8220;4.17.4&#8243; _module_preset=&#8220;default&#8220; global_colors_info=&#8220;{}&#8220;]<\/p>\n<h4><strong><span class=\"a-text-bold\">Ein Tempel f\u00fcr Dich<\/span><\/strong><\/h4>\n<p><strong><span class=\"a-text-bold\"><\/span><\/strong><\/p>\n<p><strong><span class=\"a-text-bold\">Erkenne Deinen K\u00f6rper als Dein K\u00f6nigreich! &#8211; Ab 6 Jahren!<\/span><\/strong><\/p>\n<p class=\"cvGsUA direction-ltr align-center para-style-body\"><span class=\"OYPEnA text-decoration-none text-strikethrough-none\">Wenn Du an Zuhause denkst, dann siehst Du vermutlich das Haus, in dem Du wohnst oder Dein Kinderzimmer vor Dir. Doch es gibt ein Zuhause, das Du immer bei Dir hast: Deinen K\u00f6rper. Dein K\u00f6rper ist wie ein heiliger Tempel, ein Schloss, in dem Du es Dir so sch\u00f6n wie m\u00f6glich machen darfst.<\/span><\/p>\n<p class=\"cvGsUA direction-ltr align-center para-style-body\"><span class=\"OYPEnA text-decoration-none text-strikethrough-none\">Dein K\u00f6rper dient Dir jeden Tag und erm\u00f6glicht es Dir, all die kleinen und gro\u00dfen Dinge, die Du f\u00fcr selbstverst\u00e4ndlich halten magst, zu erleben. Jeder K\u00f6rper ist wertvoll und einzigartig. Sch\u00e4tze Deinen K\u00f6rper, f\u00fcr all das, was er f\u00fcr Dich tut und heile Dein K\u00f6rpergef\u00fchl f\u00fcr Teile Deines K\u00f6rpers, die Du noch nicht magst.<\/span><\/p>\n<p class=\"cvGsUA direction-ltr align-center para-style-body\">Wir alle sind besonders, so wie wir sind. Genau das, soll dieses Buch deutlich machen!<span class=\"OYPEnA text-decoration-none text-strikethrough-none\"><\/span><\/p>\n<p class=\"a-spacing-base\"><strong>Das erwartet Dich:<\/strong><span class=\"a-text-bold\"><\/span><\/p>\n<ul>\n<li class=\"a-spacing-base\"><span class=\"a-text-bold\"><\/span>Leicht verst\u00e4ndliche Erkl\u00e4rungen zum K\u00f6rperbewusstsein<\/li>\n<li>St\u00e4rkt die Selbstwahrnehmung und unterst\u00fctzt Kinder dabei, sich und ihren K\u00f6rper dankbar anzunehmen, so wie sie sind<\/li>\n<li class=\"a-spacing-base\">Schafft ein Bewusstsein f\u00fcr das eigene Ich in einer Welt, in der wir alle st\u00e4ndig verglichen werden<\/li>\n<li class=\"a-spacing-base\">Kindgerechte Meditation und Fantasiereise<\/li>\n<li class=\"a-spacing-base\">Gute-Nacht Geschichte mit Elmo, dem Vogel mit dem besonderen Fl\u00fcgel<\/li>\n<\/ul>\n<p class=\"a-spacing-base\"><strong>F\u00fcr mehr K\u00f6rperliebe und weniger Body-Shaming im Kindesalter.<\/strong><span class=\"a-list-item\"><\/span><\/p>\n<p>[\/et_pb_text][et_pb_button button_url=&#8220;https:\/\/amzn.to\/421hgIl&#8220; url_new_window=&#8220;on&#8220; button_text=&#8220;Jetzt kaufen *&#8220; button_alignment=&#8220;center&#8220; _builder_version=&#8220;4.17.4&#8243; _module_preset=&#8220;default&#8220; custom_button=&#8220;on&#8220; button_text_color=&#8220;#000000&#8243; custom_margin=&#8220;19px|||||&#8220; global_colors_info=&#8220;{}&#8220;][\/et_pb_button][\/et_pb_column][\/et_pb_row][\/et_pb_section][et_pb_section fb_built=&#8220;1&#8243; _builder_version=&#8220;4.17.4&#8243; _module_preset=&#8220;default&#8220; background_color=&#8220;#D6D6D6&#8243; custom_padding=&#8220;7px|||||&#8220; global_colors_info=&#8220;{}&#8220;][et_pb_row _builder_version=&#8220;4.17.4&#8243; _module_preset=&#8220;default&#8220; min_height=&#8220;62px&#8220; custom_padding=&#8220;20px||3px|||&#8220; global_colors_info=&#8220;{}&#8220;][et_pb_column type=&#8220;4_4&#8243; _builder_version=&#8220;4.17.4&#8243; _module_preset=&#8220;default&#8220; global_colors_info=&#8220;{}&#8220;][et_pb_text _builder_version=&#8220;4.17.4&#8243; _module_preset=&#8220;default&#8220; global_colors_info=&#8220;{}&#8220;]<\/p>\n<h2><strong>Diese B\u00fccher k\u00f6nnten Dir auch gefallen:<\/strong><\/h2>\n<p>[\/et_pb_text][\/et_pb_column][\/et_pb_row][et_pb_row column_structure=&#8220;1_4,1_4,1_4,1_4&#8243; _builder_version=&#8220;4.17.4&#8243; _module_preset=&#8220;default&#8220; global_colors_info=&#8220;{}&#8220;][et_pb_column type=&#8220;1_4&#8243; _builder_version=&#8220;4.17.4&#8243; _module_preset=&#8220;default&#8220; background_color=&#8220;#D6D6D6&#8243; global_colors_info=&#8220;{}&#8220;][et_pb_image src=&#8220;https:\/\/xn--elfenhrchen-verlag-h3b.de\/wp-content\/uploads\/2023\/07\/4.png&#8220; title_text=&#8220;4&#8243; url=&#8220;@ET-DC@eyJkeW5hbWljIjp0cnVlLCJjb250ZW50IjoicG9zdF9saW5rX3VybF9wYWdlIiwic2V0dGluZ3MiOnsicG9zdF9pZCI6IjYwMiJ9fQ==@&#8220; _builder_version=&#8220;4.17.4&#8243; _dynamic_attributes=&#8220;url&#8220; _module_preset=&#8220;default&#8220; global_colors_info=&#8220;{}&#8220;][\/et_pb_image][et_pb_text _builder_version=&#8220;4.17.4&#8243; _dynamic_attributes=&#8220;link_option_url&#8220; _module_preset=&#8220;default&#8220; link_option_url=&#8220;@ET-DC@eyJkeW5hbWljIjp0cnVlLCJjb250ZW50IjoicG9zdF9saW5rX3VybF9wYWdlIiwic2V0dGluZ3MiOnsicG9zdF9pZCI6IjYwMiJ9fQ==@&#8220; link_option_url_new_window=&#8220;on&#8220; global_colors_info=&#8220;{}&#8220;]<\/p>\n<p><strong>The Garden in You<\/strong><\/p>\n<p>\u20ac25,95 Euro |\u20ac16,95 Euro<\/p>\n<p>[\/et_pb_text][\/et_pb_column][et_pb_column type=&#8220;1_4&#8243; _builder_version=&#8220;4.17.4&#8243; _module_preset=&#8220;default&#8220; global_colors_info=&#8220;{}&#8220;][et_pb_image src=&#8220;https:\/\/xn--elfenhrchen-verlag-h3b.de\/wp-content\/uploads\/2023\/07\/3.png&#8220; title_text=&#8220;3&#8243; url=&#8220;@ET-DC@eyJkeW5hbWljIjp0cnVlLCJjb250ZW50IjoicG9zdF9saW5rX3VybF9wYWdlIiwic2V0dGluZ3MiOnsicG9zdF9pZCI6IjYyMiJ9fQ==@&#8220; _builder_version=&#8220;4.17.4&#8243; _dynamic_attributes=&#8220;url&#8220; _module_preset=&#8220;default&#8220; global_colors_info=&#8220;{}&#8220;][\/et_pb_image][et_pb_text _builder_version=&#8220;4.17.4&#8243; _dynamic_attributes=&#8220;link_option_url&#8220; _module_preset=&#8220;default&#8220; link_option_url=&#8220;@ET-DC@eyJkeW5hbWljIjp0cnVlLCJjb250ZW50IjoicG9zdF9saW5rX3VybF9wYWdlIiwic2V0dGluZ3MiOnsicG9zdF9pZCI6IjYyMiJ9fQ==@&#8220; global_colors_info=&#8220;{}&#8220;]<\/p>\n<p><strong>The Love in You<\/strong><\/p>\n<p>\u20ac25,95 Euro |\u20ac16,95 Euro<\/p>\n<p>[\/et_pb_text][\/et_pb_column][et_pb_column type=&#8220;1_4&#8243; _builder_version=&#8220;4.17.4&#8243; _module_preset=&#8220;default&#8220; global_colors_info=&#8220;{}&#8220;][et_pb_image src=&#8220;https:\/\/xn--elfenhrchen-verlag-h3b.de\/wp-content\/uploads\/2024\/03\/Cover-Website-Elfenoehrchen-Kopie.png&#8220; title_text=&#8220;Cover Das Universum in dir&#8220; url=&#8220;@ET-DC@eyJkeW5hbWljIjp0cnVlLCJjb250ZW50IjoicG9zdF9saW5rX3VybF9wYWdlIiwic2V0dGluZ3MiOnsicG9zdF9pZCI6IjU4MCJ9fQ==@&#8220; _builder_version=&#8220;4.17.4&#8243; _dynamic_attributes=&#8220;url&#8220; _module_preset=&#8220;default&#8220; global_colors_info=&#8220;{}&#8220;][\/et_pb_image][et_pb_text _builder_version=&#8220;4.17.4&#8243; _dynamic_attributes=&#8220;link_option_url&#8220; _module_preset=&#8220;default&#8220; link_option_url=&#8220;@ET-DC@eyJkeW5hbWljIjp0cnVlLCJjb250ZW50IjoicG9zdF9saW5rX3VybF9wYWdlIiwic2V0dGluZ3MiOnsicG9zdF9pZCI6IjU4MCJ9fQ==@&#8220; global_colors_info=&#8220;{}&#8220;]<\/p>\n<p><b>Das Universum in Dir<\/b><\/p>\n<p>\u20ac25,95 Euro |\u20ac16,95 Euro<\/p>\n<p>[\/et_pb_text][\/et_pb_column][et_pb_column type=&#8220;1_4&#8243; _builder_version=&#8220;4.17.4&#8243; _module_preset=&#8220;default&#8220; global_colors_info=&#8220;{}&#8220;][et_pb_image src=&#8220;https:\/\/xn--elfenhrchen-verlag-h3b.de\/wp-content\/uploads\/2024\/03\/Cover-Website-Elfenoehrchen.png&#8220; title_text=&#8220;Cover Sag mal, mobbt&#8217;s bei dir&#8220; url=&#8220;@ET-DC@eyJkeW5hbWljIjp0cnVlLCJjb250ZW50IjoicG9zdF9saW5rX3VybF9wYWdlIiwic2V0dGluZ3MiOnsicG9zdF9pZCI6Ijc2NyJ9fQ==@&#8220; _builder_version=&#8220;4.17.4&#8243; _dynamic_attributes=&#8220;url&#8220; _module_preset=&#8220;default&#8220; global_colors_info=&#8220;{}&#8220;][\/et_pb_image][et_pb_text _builder_version=&#8220;4.17.4&#8243; _dynamic_attributes=&#8220;link_option_url&#8220; _module_preset=&#8220;default&#8220; link_option_url=&#8220;@ET-DC@eyJkeW5hbWljIjp0cnVlLCJjb250ZW50IjoicG9zdF9saW5rX3VybF9wYWdlIiwic2V0dGluZ3MiOnsicG9zdF9pZCI6Ijc2NyJ9fQ==@&#8220; global_colors_info=&#8220;{}&#8220;]<\/p>\n<p><strong>Sag mal, mobbt&#8217;s bei dir?<\/strong><\/p>\n<p>\u20ac25,95 Euro |\u20ac16,95 Euro<\/p>\n<p>[\/et_pb_text][\/et_pb_column][\/et_pb_row][\/et_pb_section][et_pb_section fb_built=&#8220;1&#8243; _builder_version=&#8220;4.17.4&#8243; _module_preset=&#8220;default&#8220; background_color=&#8220;#FFFFFF&#8220; custom_margin=&#8220;||-73px|||&#8220; custom_padding=&#8220;14px||0px|||&#8220; global_colors_info=&#8220;{}&#8220;][et_pb_row _builder_version=&#8220;4.17.4&#8243; _module_preset=&#8220;default&#8220; global_colors_info=&#8220;{}&#8220;][et_pb_column type=&#8220;4_4&#8243; _builder_version=&#8220;4.17.4&#8243; _module_preset=&#8220;default&#8220; global_colors_info=&#8220;{}&#8220;][et_pb_button button_url=&#8220;https:\/\/amzn.to\/421hgIl&#8220; url_new_window=&#8220;on&#8220; button_text=&#8220;Hol Dir jetzt Dein Exemplar von %22Ein Tempel f\u00fcr Dich%22 *&#8220; button_alignment=&#8220;center&#8220; _builder_version=&#8220;4.17.4&#8243; _module_preset=&#8220;default&#8220; custom_button=&#8220;on&#8220; button_text_color=&#8220;#000000&#8243; global_colors_info=&#8220;{}&#8220;][\/et_pb_button][et_pb_text _builder_version=&#8220;4.17.4&#8243; _module_preset=&#8220;default&#8220; global_colors_info=&#8220;{}&#8220;]<\/p>\n<p style=\"text-align: center;\"><span>* verdient Provisionen \/ Als Amazon-Partner verdiene ich an qualifizierten Verk\u00e4ufen.<\/span><\/p>\n<p>[\/et_pb_text][\/et_pb_column][\/et_pb_row][\/et_pb_section]<\/p>","protected":false},"excerpt":{"rendered":"<p>Ein Tempel f\u00fcr Dich \u20ac25,95 Euro |\u20ac16,95 EuroEin Tempel f\u00fcr Dich Erkenne Deinen K\u00f6rper als Dein K\u00f6nigreich! &#8211; Ab 6 Jahren! Wenn Du an Zuhause denkst, dann siehst Du vermutlich das Haus, in dem Du wohnst oder Dein Kinderzimmer vor Dir. Doch es gibt ein Zuhause, das Du immer bei Dir hast: Deinen K\u00f6rper. Dein [&hellip;]<\/p>","protected":false},"author":1,"featured_media":0,"parent":0,"menu_order":0,"comment_status":"closed","ping_status":"closed","template":"","meta":{"_et_pb_use_builder":"on","_et_pb_old_content":"","_et_gb_content_width":"","footnotes":""},"class_list":["post-761","page","type-page","status-publish","hentry"],"yoast_head":"<!-- This site is optimized with the Yoast SEO plugin v26.8 - https:\/\/yoast.com\/product\/yoast-seo-wordpress\/ -->\n<title>Ein Tempel f\u00fcr Dich - https:\/\/elfenoehrchen-verlag.de<\/title>\n<meta name=\"robots\" content=\"index, follow, max-snippet:-1, max-image-preview:large, max-video-preview:-1\" \/>\n<link rel=\"canonical\" href=\"https:\/\/elfenoehrchen-verlag.de\/en\/ein-tempel-fuer-dich\/\" \/>\n<meta property=\"og:locale\" content=\"en_GB\" \/>\n<meta property=\"og:type\" content=\"article\" \/>\n<meta property=\"og:title\" content=\"Ein Tempel f\u00fcr Dich - https:\/\/elfenoehrchen-verlag.de\" \/>\n<meta property=\"og:description\" content=\"Ein Tempel f\u00fcr Dich \u20ac25,95 Euro |\u20ac16,95 EuroEin Tempel f\u00fcr Dich Erkenne Deinen K\u00f6rper als Dein K\u00f6nigreich! - Ab 6 Jahren! Wenn Du an Zuhause denkst, dann siehst Du vermutlich das Haus, in dem Du wohnst oder Dein Kinderzimmer vor Dir. Doch es gibt ein Zuhause, das Du immer bei Dir hast: Deinen K\u00f6rper. Dein [&hellip;]\" \/>\n<meta property=\"og:url\" content=\"https:\/\/elfenoehrchen-verlag.de\/en\/ein-tempel-fuer-dich\/\" \/>\n<meta property=\"og:site_name\" content=\"https:\/\/elfenoehrchen-verlag.de\" \/>\n<meta property=\"article:modified_time\" content=\"2024-03-23T10:59:46+00:00\" \/>\n<meta name=\"twitter:card\" content=\"summary_large_image\" \/>\n<meta name=\"twitter:label1\" content=\"Estimated reading time\" \/>\n\t<meta name=\"twitter:data1\" content=\"3 minutes\" \/>\n<script type=\"application\/ld+json\" class=\"yoast-schema-graph\">{\"@context\":\"https:\/\/schema.org\",\"@graph\":[{\"@type\":\"WebPage\",\"@id\":\"https:\/\/elfenoehrchen-verlag.de\/ein-tempel-fuer-dich\/\",\"url\":\"https:\/\/elfenoehrchen-verlag.de\/ein-tempel-fuer-dich\/\",\"name\":\"Ein Tempel f\u00fcr Dich - https:\/\/elfenoehrchen-verlag.de\",\"isPartOf\":{\"@id\":\"https:\/\/elfenoehrchen-verlag.de\/#website\"},\"datePublished\":\"2024-03-20T17:13:52+00:00\",\"dateModified\":\"2024-03-23T10:59:46+00:00\",\"breadcrumb\":{\"@id\":\"https:\/\/elfenoehrchen-verlag.de\/ein-tempel-fuer-dich\/#breadcrumb\"},\"inLanguage\":\"en-GB\",\"potentialAction\":[{\"@type\":\"ReadAction\",\"target\":[\"https:\/\/elfenoehrchen-verlag.de\/ein-tempel-fuer-dich\/\"]}]},{\"@type\":\"BreadcrumbList\",\"@id\":\"https:\/\/elfenoehrchen-verlag.de\/ein-tempel-fuer-dich\/#breadcrumb\",\"itemListElement\":[{\"@type\":\"ListItem\",\"position\":1,\"name\":\"Startseite\",\"item\":\"https:\/\/elfenoehrchen-verlag.de\/\"},{\"@type\":\"ListItem\",\"position\":2,\"name\":\"Ein Tempel f\u00fcr Dich\"}]},{\"@type\":\"WebSite\",\"@id\":\"https:\/\/elfenoehrchen-verlag.de\/#website\",\"url\":\"https:\/\/elfenoehrchen-verlag.de\/\",\"name\":\"https:\/\/elfenoehrchen-verlag.de\",\"description\":\"\",\"potentialAction\":[{\"@type\":\"SearchAction\",\"target\":{\"@type\":\"EntryPoint\",\"urlTemplate\":\"https:\/\/elfenoehrchen-verlag.de\/?s={search_term_string}\"},\"query-input\":{\"@type\":\"PropertyValueSpecification\",\"valueRequired\":true,\"valueName\":\"search_term_string\"}}],\"inLanguage\":\"en-GB\"}]}<\/script>\n<!-- \/ Yoast SEO plugin. -->","yoast_head_json":{"title":"Ein Tempel f\u00fcr Dich - https:\/\/elfenoehrchen-verlag.de","robots":{"index":"index","follow":"follow","max-snippet":"max-snippet:-1","max-image-preview":"max-image-preview:large","max-video-preview":"max-video-preview:-1"},"canonical":"https:\/\/elfenoehrchen-verlag.de\/en\/ein-tempel-fuer-dich\/","og_locale":"en_GB","og_type":"article","og_title":"Ein Tempel f\u00fcr Dich - https:\/\/elfenoehrchen-verlag.de","og_description":"Ein Tempel f\u00fcr Dich \u20ac25,95 Euro |\u20ac16,95 EuroEin Tempel f\u00fcr Dich Erkenne Deinen K\u00f6rper als Dein K\u00f6nigreich! - Ab 6 Jahren! Wenn Du an Zuhause denkst, dann siehst Du vermutlich das Haus, in dem Du wohnst oder Dein Kinderzimmer vor Dir. Doch es gibt ein Zuhause, das Du immer bei Dir hast: Deinen K\u00f6rper. Dein [&hellip;]","og_url":"https:\/\/elfenoehrchen-verlag.de\/en\/ein-tempel-fuer-dich\/","og_site_name":"https:\/\/elfenoehrchen-verlag.de","article_modified_time":"2024-03-23T10:59:46+00:00","twitter_card":"summary_large_image","twitter_misc":{"Estimated reading time":"3 minutes"},"schema":{"@context":"https:\/\/schema.org","@graph":[{"@type":"WebPage","@id":"https:\/\/elfenoehrchen-verlag.de\/ein-tempel-fuer-dich\/","url":"https:\/\/elfenoehrchen-verlag.de\/ein-tempel-fuer-dich\/","name":"Ein Tempel f\u00fcr Dich - https:\/\/elfenoehrchen-verlag.de","isPartOf":{"@id":"https:\/\/elfenoehrchen-verlag.de\/#website"},"datePublished":"2024-03-20T17:13:52+00:00","dateModified":"2024-03-23T10:59:46+00:00","breadcrumb":{"@id":"https:\/\/elfenoehrchen-verlag.de\/ein-tempel-fuer-dich\/#breadcrumb"},"inLanguage":"en-GB","potentialAction":[{"@type":"ReadAction","target":["https:\/\/elfenoehrchen-verlag.de\/ein-tempel-fuer-dich\/"]}]},{"@type":"BreadcrumbList","@id":"https:\/\/elfenoehrchen-verlag.de\/ein-tempel-fuer-dich\/#breadcrumb","itemListElement":[{"@type":"ListItem","position":1,"name":"Startseite","item":"https:\/\/elfenoehrchen-verlag.de\/"},{"@type":"ListItem","position":2,"name":"Ein Tempel f\u00fcr Dich"}]},{"@type":"WebSite","@id":"https:\/\/elfenoehrchen-verlag.de\/#website","url":"https:\/\/elfenoehrchen-verlag.de\/","name":"https:\/\/elfenoehrchen-verlag.de","description":"","potentialAction":[{"@type":"SearchAction","target":{"@type":"EntryPoint","urlTemplate":"https:\/\/elfenoehrchen-verlag.de\/?s={search_term_string}"},"query-input":{"@type":"PropertyValueSpecification","valueRequired":true,"valueName":"search_term_string"}}],"inLanguage":"en-GB"}]}},"_links":{"self":[{"href":"https:\/\/elfenoehrchen-verlag.de\/en\/wp-json\/wp\/v2\/pages\/761","targetHints":{"allow":["GET"]}}],"collection":[{"href":"https:\/\/elfenoehrchen-verlag.de\/en\/wp-json\/wp\/v2\/pages"}],"about":[{"href":"https:\/\/elfenoehrchen-verlag.de\/en\/wp-json\/wp\/v2\/types\/page"}],"author":[{"embeddable":true,"href":"https:\/\/elfenoehrchen-verlag.de\/en\/wp-json\/wp\/v2\/users\/1"}],"replies":[{"embeddable":true,"href":"https:\/\/elfenoehrchen-verlag.de\/en\/wp-json\/wp\/v2\/comments?post=761"}],"version-history":[{"count":7,"href":"https:\/\/elfenoehrchen-verlag.de\/en\/wp-json\/wp\/v2\/pages\/761\/revisions"}],"predecessor-version":[{"id":917,"href":"https:\/\/elfenoehrchen-verlag.de\/en\/wp-json\/wp\/v2\/pages\/761\/revisions\/917"}],"wp:attachment":[{"href":"https:\/\/elfenoehrchen-verlag.de\/en\/wp-json\/wp\/v2\/media?parent=761"}],"curies":[{"name":"wp","href":"https:\/\/api.w.org\/{rel}","templated":true}]}}