{"id":580,"date":"2023-03-05T12:49:25","date_gmt":"2023-03-05T11:49:25","guid":{"rendered":"https:\/\/xn--elfenhrchen-verlag-h3b.de\/?page_id=580"},"modified":"2024-03-21T09:32:26","modified_gmt":"2024-03-21T08:32:26","slug":"das-universum-in-dir-manifestieren-fuer-kinder","status":"publish","type":"page","link":"https:\/\/elfenoehrchen-verlag.de\/en\/das-universum-in-dir-manifestieren-fuer-kinder\/","title":{"rendered":"Das Universum in Dir"},"content":{"rendered":"<p>[et_pb_section fb_built=&#8220;1&#8243; disabled_on=&#8220;off|off|off&#8220; _builder_version=&#8220;4.17.4&#8243; _module_preset=&#8220;default&#8220; global_colors_info=&#8220;{}&#8220;][et_pb_row column_structure=&#8220;1_2,1_2&#8243; _builder_version=&#8220;4.17.4&#8243; _module_preset=&#8220;default&#8220; global_colors_info=&#8220;{}&#8220;][et_pb_column type=&#8220;1_2&#8243; _builder_version=&#8220;4.17.4&#8243; _module_preset=&#8220;default&#8220; global_colors_info=&#8220;{}&#8220;][et_pb_image src=&#8220;https:\/\/xn--elfenhrchen-verlag-h3b.de\/wp-content\/uploads\/2024\/03\/Cover-Website-Elfenoehrchen-Kopie.png&#8220; title_text=&#8220;Cover Das Universum in dir&#8220; _builder_version=&#8220;4.17.4&#8243; _module_preset=&#8220;default&#8220; global_colors_info=&#8220;{}&#8220;][\/et_pb_image][et_pb_text _builder_version=&#8220;4.17.4&#8243; _module_preset=&#8220;default&#8220; global_colors_info=&#8220;{}&#8220;]<\/p>\n<p><strong>Das Universum in Dir<\/strong><\/p>\n<p>\u20ac25,95 Euro |\u20ac16,95 Euro<\/p>\n<p>[\/et_pb_text][\/et_pb_column][et_pb_column type=&#8220;1_2&#8243; _builder_version=&#8220;4.17.4&#8243; _module_preset=&#8220;default&#8220; global_colors_info=&#8220;{}&#8220;][et_pb_text _builder_version=&#8220;4.17.4&#8243; _module_preset=&#8220;default&#8220; global_colors_info=&#8220;{}&#8220;]<\/p>\n<h4><strong><span class=\"a-text-bold\">Das Universum in Dir<\/span><\/strong><\/h4>\n<p><strong><span class=\"a-text-bold\"><\/span><\/strong><\/p>\n<p><strong><span class=\"a-text-bold\">Eine Liebeserkl\u00e4rung an Dein Leben! &#8211; Ab 5 Jahren!<\/span><\/strong><\/p>\n<p class=\"a-spacing-base\">In jedem von uns schlummert eine ganz besondere Kraft. Wenn wir uns mit dieser Kraft verbinden, dann ist nichts unm\u00f6glich. Aus der Ferne betrachtet, sind wir kleine P\u00fcnktchen, die auf einem von zahlreichen Planeten durch das Universum schweben.<\/p>\n<p class=\"a-spacing-base\">Wir sind also alle Teil eines gro\u00dfen Ganzen, indem ALLES miteinander verbunden ist. <span class=\"a-text-bold\">Das Sch\u00f6ne<\/span>: In unserem Universum ist reichlich Platz f\u00fcr W\u00fcnsche und Tr\u00e4ume, die Du Dir manifestieren darfst. Das bedeutet, dass Du das, was Du Dir tief im Inneren w\u00fcnscht, wahrmachen kannst. Lass uns gemeinsam eintauchen &#8211; in das Universum in Dir!<span>\u00a0<\/span><span class=\"a-text-bold\">Dieses Buch ist so divers, wie das Universum!<\/span><\/p>\n<p class=\"a-spacing-base\"><strong>Das erwartet Dich:<\/strong><span class=\"a-text-bold\"><\/span><\/p>\n<ul>\n<li class=\"a-spacing-base\"><span class=\"a-text-bold\"><\/span>Leicht verst\u00e4ndliche Erkl\u00e4rungen zu den Themen W\u00fcnschen, Visualisieren, Dankbarkeit &amp; Manifestieren<\/li>\n<li>St\u00e4rkt die Selbstwahrnehmung und unterst\u00fctzt Kinder dabei, ihre Aufmerksamkeit auf die guten Dinge zu richten<\/li>\n<li class=\"a-spacing-base\">Schafft ein Bewusstsein f\u00fcr das eigene Ich in einer Welt, in der wir alle st\u00e4ndig verglichen werden<\/li>\n<li class=\"a-spacing-base\">Kindgerechte Meditation und Fantasiereise<\/li>\n<li class=\"a-spacing-base\">Gute-Nacht Geschichte mit Tilli Schildkr\u00f6te<\/li>\n<\/ul>\n<p class=\"a-spacing-base\"><strong>Ein Einstieg in moderne Spiritualit\u00e4t f\u00fcr Kinder<\/strong><span class=\"a-list-item\"><\/span><\/p>\n<p>[\/et_pb_text][et_pb_button button_url=&#8220;https:\/\/amzn.to\/3kO9NN3&#8243; url_new_window=&#8220;on&#8220; button_text=&#8220;Jetzt kaufen *&#8220; button_alignment=&#8220;center&#8220; _builder_version=&#8220;4.17.4&#8243; _module_preset=&#8220;default&#8220; custom_button=&#8220;on&#8220; button_text_color=&#8220;#000000&#8243; custom_margin=&#8220;19px|||||&#8220; global_colors_info=&#8220;{}&#8220;][\/et_pb_button][\/et_pb_column][\/et_pb_row][\/et_pb_section][et_pb_section fb_built=&#8220;1&#8243; _builder_version=&#8220;4.17.4&#8243; _module_preset=&#8220;default&#8220; background_color=&#8220;#D6D6D6&#8243; global_colors_info=&#8220;{}&#8220; custom_padding=&#8220;4px|||||&#8220;][et_pb_row _builder_version=&#8220;4.17.4&#8243; _module_preset=&#8220;default&#8220; min_height=&#8220;62px&#8220; custom_padding=&#8220;20px||3px|||&#8220; global_colors_info=&#8220;{}&#8220;][et_pb_column type=&#8220;4_4&#8243; _builder_version=&#8220;4.17.4&#8243; _module_preset=&#8220;default&#8220; global_colors_info=&#8220;{}&#8220;][et_pb_text _builder_version=&#8220;4.17.4&#8243; _module_preset=&#8220;default&#8220; global_colors_info=&#8220;{}&#8220;]<\/p>\n<h2><strong>Diese B\u00fccher k\u00f6nnten Dir auch gefallen:<\/strong><\/h2>\n<p>[\/et_pb_text][\/et_pb_column][\/et_pb_row][et_pb_row column_structure=&#8220;1_4,1_4,1_4,1_4&#8243; _builder_version=&#8220;4.17.4&#8243; _module_preset=&#8220;default&#8220; global_colors_info=&#8220;{}&#8220;][et_pb_column type=&#8220;1_4&#8243; _builder_version=&#8220;4.17.4&#8243; _module_preset=&#8220;default&#8220; background_color=&#8220;#D6D6D6&#8243; global_colors_info=&#8220;{}&#8220;][et_pb_image src=&#8220;https:\/\/xn--elfenhrchen-verlag-h3b.de\/wp-content\/uploads\/2023\/07\/4.png&#8220; title_text=&#8220;4&#8243; url=&#8220;@ET-DC@eyJkeW5hbWljIjp0cnVlLCJjb250ZW50IjoicG9zdF9saW5rX3VybF9wYWdlIiwic2V0dGluZ3MiOnsicG9zdF9pZCI6IjYwMiJ9fQ==@&#8220; _builder_version=&#8220;4.17.4&#8243; _dynamic_attributes=&#8220;url&#8220; _module_preset=&#8220;default&#8220; global_colors_info=&#8220;{}&#8220;][\/et_pb_image][et_pb_text _builder_version=&#8220;4.17.4&#8243; _dynamic_attributes=&#8220;link_option_url&#8220; _module_preset=&#8220;default&#8220; link_option_url=&#8220;@ET-DC@eyJkeW5hbWljIjp0cnVlLCJjb250ZW50IjoicG9zdF9saW5rX3VybF9wYWdlIiwic2V0dGluZ3MiOnsicG9zdF9pZCI6IjYwMiJ9fQ==@&#8220; link_option_url_new_window=&#8220;on&#8220; global_colors_info=&#8220;{}&#8220;]<\/p>\n<p><strong>The Garden in You<\/strong><\/p>\n<p>\u20ac25,95 Euro |\u20ac16,95 Euro<\/p>\n<p>[\/et_pb_text][\/et_pb_column][et_pb_column type=&#8220;1_4&#8243; _builder_version=&#8220;4.17.4&#8243; _module_preset=&#8220;default&#8220; global_colors_info=&#8220;{}&#8220;][et_pb_image src=&#8220;https:\/\/xn--elfenhrchen-verlag-h3b.de\/wp-content\/uploads\/2023\/07\/3.png&#8220; title_text=&#8220;3&#8243; url=&#8220;@ET-DC@eyJkeW5hbWljIjp0cnVlLCJjb250ZW50IjoicG9zdF9saW5rX3VybF9wYWdlIiwic2V0dGluZ3MiOnsicG9zdF9pZCI6IjYyMiJ9fQ==@&#8220; _builder_version=&#8220;4.17.4&#8243; _dynamic_attributes=&#8220;url&#8220; _module_preset=&#8220;default&#8220; global_colors_info=&#8220;{}&#8220;][\/et_pb_image][et_pb_text _builder_version=&#8220;4.17.4&#8243; _dynamic_attributes=&#8220;link_option_url&#8220; _module_preset=&#8220;default&#8220; link_option_url=&#8220;@ET-DC@eyJkeW5hbWljIjp0cnVlLCJjb250ZW50IjoicG9zdF9saW5rX3VybF9wYWdlIiwic2V0dGluZ3MiOnsicG9zdF9pZCI6IjYyMiJ9fQ==@&#8220; global_colors_info=&#8220;{}&#8220;]<\/p>\n<p><strong>The Love in You<\/strong><\/p>\n<p>\u20ac25,95 Euro |\u20ac16,95 Euro<\/p>\n<p>[\/et_pb_text][\/et_pb_column][et_pb_column type=&#8220;1_4&#8243; _builder_version=&#8220;4.17.4&#8243; _module_preset=&#8220;default&#8220; global_colors_info=&#8220;{}&#8220;][et_pb_image src=&#8220;https:\/\/xn--elfenhrchen-verlag-h3b.de\/wp-content\/uploads\/2023\/07\/2-1.png&#8220; title_text=&#8220;Cover Tempel&#8220; url=&#8220;@ET-DC@eyJkeW5hbWljIjp0cnVlLCJjb250ZW50IjoicG9zdF9saW5rX3VybF9wYWdlIiwic2V0dGluZ3MiOnsicG9zdF9pZCI6Ijc2MSJ9fQ==@&#8220; _builder_version=&#8220;4.17.4&#8243; _dynamic_attributes=&#8220;url&#8220; _module_preset=&#8220;default&#8220; global_colors_info=&#8220;{}&#8220;][\/et_pb_image][et_pb_text _builder_version=&#8220;4.17.4&#8243; _dynamic_attributes=&#8220;link_option_url&#8220; _module_preset=&#8220;default&#8220; link_option_url=&#8220;@ET-DC@eyJkeW5hbWljIjp0cnVlLCJjb250ZW50IjoicG9zdF9saW5rX3VybF9wYWdlIiwic2V0dGluZ3MiOnsicG9zdF9pZCI6Ijc2MSJ9fQ==@&#8220; global_colors_info=&#8220;{}&#8220;]<\/p>\n<p><strong>Ein Tempel f\u00fcr Dich<\/strong><\/p>\n<p>\u20ac25,95 Euro |\u20ac16,95 Euro<\/p>\n<p>[\/et_pb_text][\/et_pb_column][et_pb_column type=&#8220;1_4&#8243; _builder_version=&#8220;4.17.4&#8243; _module_preset=&#8220;default&#8220; global_colors_info=&#8220;{}&#8220;][et_pb_image src=&#8220;https:\/\/xn--elfenhrchen-verlag-h3b.de\/wp-content\/uploads\/2024\/03\/Cover-Website-Elfenoehrchen.png&#8220; title_text=&#8220;Cover Sag mal, mobbt&#8217;s bei dir&#8220; url=&#8220;@ET-DC@eyJkeW5hbWljIjp0cnVlLCJjb250ZW50IjoicG9zdF9saW5rX3VybF9wYWdlIiwic2V0dGluZ3MiOnsicG9zdF9pZCI6Ijc2NyJ9fQ==@&#8220; _builder_version=&#8220;4.17.4&#8243; _dynamic_attributes=&#8220;url&#8220; _module_preset=&#8220;default&#8220; global_colors_info=&#8220;{}&#8220;][\/et_pb_image][et_pb_text _builder_version=&#8220;4.17.4&#8243; _dynamic_attributes=&#8220;link_option_url&#8220; _module_preset=&#8220;default&#8220; link_option_url=&#8220;@ET-DC@eyJkeW5hbWljIjp0cnVlLCJjb250ZW50IjoicG9zdF9saW5rX3VybF9wYWdlIiwic2V0dGluZ3MiOnsicG9zdF9pZCI6Ijc2NyJ9fQ==@&#8220; global_colors_info=&#8220;{}&#8220;]<\/p>\n<p><strong>Sag mal, mobbt&#8217;s bei dir?<\/strong><\/p>\n<p>\u20ac25,95 Euro |\u20ac16,95 Euro<\/p>\n<p>[\/et_pb_text][\/et_pb_column][\/et_pb_row][\/et_pb_section][et_pb_section fb_built=&#8220;1&#8243; _builder_version=&#8220;4.17.4&#8243; _module_preset=&#8220;default&#8220; background_color=&#8220;#FFFFFF&#8220; custom_margin=&#8220;||-73px|||&#8220; custom_padding=&#8220;14px||55px|||&#8220; global_colors_info=&#8220;{}&#8220;][et_pb_row _builder_version=&#8220;4.17.4&#8243; _module_preset=&#8220;default&#8220; global_colors_info=&#8220;{}&#8220;][et_pb_column type=&#8220;4_4&#8243; _builder_version=&#8220;4.17.4&#8243; _module_preset=&#8220;default&#8220; global_colors_info=&#8220;{}&#8220;][et_pb_slider _builder_version=&#8220;4.17.4&#8243; _module_preset=&#8220;default&#8220; custom_margin=&#8220;80px|||||&#8220; custom_padding=&#8220;669px||30px|||&#8220; custom_padding_tablet=&#8220;330px||||false|false&#8220; custom_padding_phone=&#8220;330px||||false|false&#8220; custom_padding_last_edited=&#8220;on|tablet&#8220; link_option_url=&#8220;https:\/\/amzn.to\/3kO9NN3&#8243; link_option_url_new_window=&#8220;on&#8220; border_radii_image_tablet=&#8220;&#8220; border_radii_image_phone=&#8220;on||||&#8220; border_radii_image_last_edited=&#8220;on|phone&#8220; global_colors_info=&#8220;{}&#8220;][et_pb_slide _builder_version=&#8220;4.17.4&#8243; _module_preset=&#8220;default&#8220; background_image=&#8220;https:\/\/xn--elfenhrchen-verlag-h3b.de\/wp-content\/uploads\/2023\/02\/A-Das-Universum-in-Dir.png&#8220; background_enable_image=&#8220;on&#8220; width_tablet=&#8220;&#8220; width_phone=&#8220;100%&#8220; width_last_edited=&#8220;on|phone&#8220; max_width=&#8220;100%&#8220; max_width_tablet=&#8220;100%&#8220; max_width_phone=&#8220;100%&#8220; max_width_last_edited=&#8220;on|phone&#8220; custom_padding_tablet=&#8220;&#8220; custom_padding_phone=&#8220;171px||||false|false&#8220; custom_padding_last_edited=&#8220;on|phone&#8220; background_last_edited=&#8220;on|phone&#8220; global_colors_info=&#8220;{}&#8220; sticky_transition=&#8220;on&#8220;][\/et_pb_slide][\/et_pb_slider][et_pb_button button_url=&#8220;https:\/\/amzn.to\/3jqyLBH&#8220; url_new_window=&#8220;on&#8220; button_text=&#8220;Hol Dir jetzt Dein Exemplar von %22Das Universum in Dir%22 *&#8220; button_alignment=&#8220;center&#8220; _builder_version=&#8220;4.17.4&#8243; _module_preset=&#8220;default&#8220; custom_button=&#8220;on&#8220; button_text_color=&#8220;#000000&#8243; global_colors_info=&#8220;{}&#8220;][\/et_pb_button][et_pb_text _builder_version=&#8220;4.17.4&#8243; _module_preset=&#8220;default&#8220; global_colors_info=&#8220;{}&#8220;]<\/p>\n<p style=\"text-align: center;\"><span>* verdient Provisionen \/ Als Amazon-Partner verdiene ich an qualifizierten Verk\u00e4ufen.<\/span><\/p>\n<p>[\/et_pb_text][\/et_pb_column][\/et_pb_row][\/et_pb_section]<\/p>","protected":false},"excerpt":{"rendered":"<p>Das Universum in Dir \u20ac25,95 Euro |\u20ac16,95 EuroDas Universum in Dir Eine Liebeserkl\u00e4rung an Dein Leben! &#8211; Ab 5 Jahren! In jedem von uns schlummert eine ganz besondere Kraft. Wenn wir uns mit dieser Kraft verbinden, dann ist nichts unm\u00f6glich. Aus der Ferne betrachtet, sind wir kleine P\u00fcnktchen, die auf einem von zahlreichen Planeten durch [&hellip;]<\/p>","protected":false},"author":1,"featured_media":0,"parent":0,"menu_order":0,"comment_status":"closed","ping_status":"closed","template":"","meta":{"_et_pb_use_builder":"on","_et_pb_old_content":"","_et_gb_content_width":"","footnotes":""},"class_list":["post-580","page","type-page","status-publish","hentry"],"yoast_head":"<!-- This site is optimized with the Yoast SEO plugin v26.8 - https:\/\/yoast.com\/product\/yoast-seo-wordpress\/ -->\n<title>Das Universum in Dir - https:\/\/elfenoehrchen-verlag.de<\/title>\n<meta name=\"robots\" content=\"index, follow, max-snippet:-1, max-image-preview:large, max-video-preview:-1\" \/>\n<link rel=\"canonical\" href=\"https:\/\/elfenoehrchen-verlag.de\/en\/das-universum-in-dir-manifestieren-fuer-kinder\/\" \/>\n<meta property=\"og:locale\" content=\"en_GB\" \/>\n<meta property=\"og:type\" content=\"article\" \/>\n<meta property=\"og:title\" content=\"Das Universum in Dir - https:\/\/elfenoehrchen-verlag.de\" \/>\n<meta property=\"og:description\" content=\"Das Universum in Dir \u20ac25,95 Euro |\u20ac16,95 EuroDas Universum in Dir Eine Liebeserkl\u00e4rung an Dein Leben! - Ab 5 Jahren! In jedem von uns schlummert eine ganz besondere Kraft. Wenn wir uns mit dieser Kraft verbinden, dann ist nichts unm\u00f6glich. Aus der Ferne betrachtet, sind wir kleine P\u00fcnktchen, die auf einem von zahlreichen Planeten durch [&hellip;]\" \/>\n<meta property=\"og:url\" content=\"https:\/\/elfenoehrchen-verlag.de\/en\/das-universum-in-dir-manifestieren-fuer-kinder\/\" \/>\n<meta property=\"og:site_name\" content=\"https:\/\/elfenoehrchen-verlag.de\" \/>\n<meta property=\"article:modified_time\" content=\"2024-03-21T08:32:26+00:00\" \/>\n<meta name=\"twitter:card\" content=\"summary_large_image\" \/>\n<script type=\"application\/ld+json\" class=\"yoast-schema-graph\">{\"@context\":\"https:\/\/schema.org\",\"@graph\":[{\"@type\":\"WebPage\",\"@id\":\"https:\/\/elfenoehrchen-verlag.de\/das-universum-in-dir-manifestieren-fuer-kinder\/\",\"url\":\"https:\/\/elfenoehrchen-verlag.de\/das-universum-in-dir-manifestieren-fuer-kinder\/\",\"name\":\"Das Universum in Dir - https:\/\/elfenoehrchen-verlag.de\",\"isPartOf\":{\"@id\":\"https:\/\/elfenoehrchen-verlag.de\/#website\"},\"datePublished\":\"2023-03-05T11:49:25+00:00\",\"dateModified\":\"2024-03-21T08:32:26+00:00\",\"breadcrumb\":{\"@id\":\"https:\/\/elfenoehrchen-verlag.de\/das-universum-in-dir-manifestieren-fuer-kinder\/#breadcrumb\"},\"inLanguage\":\"en-GB\",\"potentialAction\":[{\"@type\":\"ReadAction\",\"target\":[\"https:\/\/elfenoehrchen-verlag.de\/das-universum-in-dir-manifestieren-fuer-kinder\/\"]}]},{\"@type\":\"BreadcrumbList\",\"@id\":\"https:\/\/elfenoehrchen-verlag.de\/das-universum-in-dir-manifestieren-fuer-kinder\/#breadcrumb\",\"itemListElement\":[{\"@type\":\"ListItem\",\"position\":1,\"name\":\"Startseite\",\"item\":\"https:\/\/elfenoehrchen-verlag.de\/\"},{\"@type\":\"ListItem\",\"position\":2,\"name\":\"Das Universum in Dir\"}]},{\"@type\":\"WebSite\",\"@id\":\"https:\/\/elfenoehrchen-verlag.de\/#website\",\"url\":\"https:\/\/elfenoehrchen-verlag.de\/\",\"name\":\"https:\/\/elfenoehrchen-verlag.de\",\"description\":\"\",\"potentialAction\":[{\"@type\":\"SearchAction\",\"target\":{\"@type\":\"EntryPoint\",\"urlTemplate\":\"https:\/\/elfenoehrchen-verlag.de\/?s={search_term_string}\"},\"query-input\":{\"@type\":\"PropertyValueSpecification\",\"valueRequired\":true,\"valueName\":\"search_term_string\"}}],\"inLanguage\":\"en-GB\"}]}<\/script>\n<!-- \/ Yoast SEO plugin. -->","yoast_head_json":{"title":"Das Universum in Dir - https:\/\/elfenoehrchen-verlag.de","robots":{"index":"index","follow":"follow","max-snippet":"max-snippet:-1","max-image-preview":"max-image-preview:large","max-video-preview":"max-video-preview:-1"},"canonical":"https:\/\/elfenoehrchen-verlag.de\/en\/das-universum-in-dir-manifestieren-fuer-kinder\/","og_locale":"en_GB","og_type":"article","og_title":"Das Universum in Dir - https:\/\/elfenoehrchen-verlag.de","og_description":"Das Universum in Dir \u20ac25,95 Euro |\u20ac16,95 EuroDas Universum in Dir Eine Liebeserkl\u00e4rung an Dein Leben! - Ab 5 Jahren! In jedem von uns schlummert eine ganz besondere Kraft. Wenn wir uns mit dieser Kraft verbinden, dann ist nichts unm\u00f6glich. Aus der Ferne betrachtet, sind wir kleine P\u00fcnktchen, die auf einem von zahlreichen Planeten durch [&hellip;]","og_url":"https:\/\/elfenoehrchen-verlag.de\/en\/das-universum-in-dir-manifestieren-fuer-kinder\/","og_site_name":"https:\/\/elfenoehrchen-verlag.de","article_modified_time":"2024-03-21T08:32:26+00:00","twitter_card":"summary_large_image","schema":{"@context":"https:\/\/schema.org","@graph":[{"@type":"WebPage","@id":"https:\/\/elfenoehrchen-verlag.de\/das-universum-in-dir-manifestieren-fuer-kinder\/","url":"https:\/\/elfenoehrchen-verlag.de\/das-universum-in-dir-manifestieren-fuer-kinder\/","name":"Das Universum in Dir - https:\/\/elfenoehrchen-verlag.de","isPartOf":{"@id":"https:\/\/elfenoehrchen-verlag.de\/#website"},"datePublished":"2023-03-05T11:49:25+00:00","dateModified":"2024-03-21T08:32:26+00:00","breadcrumb":{"@id":"https:\/\/elfenoehrchen-verlag.de\/das-universum-in-dir-manifestieren-fuer-kinder\/#breadcrumb"},"inLanguage":"en-GB","potentialAction":[{"@type":"ReadAction","target":["https:\/\/elfenoehrchen-verlag.de\/das-universum-in-dir-manifestieren-fuer-kinder\/"]}]},{"@type":"BreadcrumbList","@id":"https:\/\/elfenoehrchen-verlag.de\/das-universum-in-dir-manifestieren-fuer-kinder\/#breadcrumb","itemListElement":[{"@type":"ListItem","position":1,"name":"Startseite","item":"https:\/\/elfenoehrchen-verlag.de\/"},{"@type":"ListItem","position":2,"name":"Das Universum in Dir"}]},{"@type":"WebSite","@id":"https:\/\/elfenoehrchen-verlag.de\/#website","url":"https:\/\/elfenoehrchen-verlag.de\/","name":"https:\/\/elfenoehrchen-verlag.de","description":"","potentialAction":[{"@type":"SearchAction","target":{"@type":"EntryPoint","urlTemplate":"https:\/\/elfenoehrchen-verlag.de\/?s={search_term_string}"},"query-input":{"@type":"PropertyValueSpecification","valueRequired":true,"valueName":"search_term_string"}}],"inLanguage":"en-GB"}]}},"_links":{"self":[{"href":"https:\/\/elfenoehrchen-verlag.de\/en\/wp-json\/wp\/v2\/pages\/580","targetHints":{"allow":["GET"]}}],"collection":[{"href":"https:\/\/elfenoehrchen-verlag.de\/en\/wp-json\/wp\/v2\/pages"}],"about":[{"href":"https:\/\/elfenoehrchen-verlag.de\/en\/wp-json\/wp\/v2\/types\/page"}],"author":[{"embeddable":true,"href":"https:\/\/elfenoehrchen-verlag.de\/en\/wp-json\/wp\/v2\/users\/1"}],"replies":[{"embeddable":true,"href":"https:\/\/elfenoehrchen-verlag.de\/en\/wp-json\/wp\/v2\/comments?post=580"}],"version-history":[{"count":10,"href":"https:\/\/elfenoehrchen-verlag.de\/en\/wp-json\/wp\/v2\/pages\/580\/revisions"}],"predecessor-version":[{"id":829,"href":"https:\/\/elfenoehrchen-verlag.de\/en\/wp-json\/wp\/v2\/pages\/580\/revisions\/829"}],"wp:attachment":[{"href":"https:\/\/elfenoehrchen-verlag.de\/en\/wp-json\/wp\/v2\/media?parent=580"}],"curies":[{"name":"wp","href":"https:\/\/api.w.org\/{rel}","templated":true}]}}