{"id":344,"date":"2022-08-02T14:38:12","date_gmt":"2022-08-02T12:38:12","guid":{"rendered":"https:\/\/xn--elfenhrchen-verlag-h3b.de\/?page_id=344"},"modified":"2024-04-17T09:57:37","modified_gmt":"2024-04-17T07:57:37","slug":"344-2","status":"publish","type":"page","link":"https:\/\/elfenoehrchen-verlag.de\/en\/344-2\/","title":{"rendered":"Kontakt"},"content":{"rendered":"<p>[et_pb_section fb_built=&#8220;1&#8243; _builder_version=&#8220;4.17.4&#8243; _module_preset=&#8220;default&#8220; global_colors_info=&#8220;{}&#8220;][et_pb_row _builder_version=&#8220;4.17.4&#8243; _module_preset=&#8220;default&#8220; global_colors_info=&#8220;{}&#8220;][et_pb_column type=&#8220;4_4&#8243; _builder_version=&#8220;4.17.4&#8243; _module_preset=&#8220;default&#8220; global_colors_info=&#8220;{}&#8220;][et_pb_text _builder_version=&#8220;4.17.4&#8243; _module_preset=&#8220;default&#8220; global_colors_info=&#8220;{}&#8220;]<\/p>\n<p><strong>Buchhandelsanfragen und -bestellungen bitte an:<\/strong><\/p>\n<p><strong><a href=\"mailto:s.wollgramm@gmail.com\">s.wollgramm@gmail.com<\/a><\/strong><\/p>\n<p><strong>Wir beliefern den Buchhandel in Deutschland und \u00d6sterreich. Leider sind Sendungen in die Schweiz nicht m\u00f6glich.<\/strong><\/p>\n<p>Du hast Fragen, Feedback oder Anregungen f\u00fcr unsere Schreibfeder? Dann schick uns eine Nachricht. Unsere Schreibfeder ist bem\u00fcht, dir schnellstm\u00f6glich zu antworten. Wir freuen uns auf Deine Nachricht \ud83d\ude42<\/p>\n<p><strong>Wir verlegen derzeit keine Manuskripte Dritter und bitten darum von Zusendungen abzusehen.<\/strong><\/p>\n<p>[\/et_pb_text][\/et_pb_column][\/et_pb_row][\/et_pb_section][et_pb_section fb_built=&#8220;1&#8243; _builder_version=&#8220;4.17.4&#8243; _module_preset=&#8220;default&#8220; global_colors_info=&#8220;{}&#8220;][et_pb_row _builder_version=&#8220;4.17.4&#8243; _module_preset=&#8220;default&#8220; global_colors_info=&#8220;{}&#8220;][et_pb_column type=&#8220;4_4&#8243; _builder_version=&#8220;4.17.4&#8243; _module_preset=&#8220;default&#8220; global_colors_info=&#8220;{}&#8220;][et_pb_image src=&#8220;https:\/\/xn--elfenhrchen-verlag-h3b.de\/wp-content\/uploads\/2024\/04\/Verlags-Verzeichnis-pdf.jpg&#8220; title_text=&#8220;Verlags-Verzeichnis&#8220; url=&#8220;@ET-DC@eyJkeW5hbWljIjp0cnVlLCJjb250ZW50IjoicG9zdF9saW5rX3VybF9hdHRhY2htZW50Iiwic2V0dGluZ3MiOnsicG9zdF9pZCI6IjkyOSJ9fQ==@&#8220; _builder_version=&#8220;4.17.4&#8243; _dynamic_attributes=&#8220;url&#8220; _module_preset=&#8220;default&#8220; hover_enabled=&#8220;0&#8243; global_colors_info=&#8220;{}&#8220; url_new_window=&#8220;on&#8220; sticky_enabled=&#8220;0&#8243;][\/et_pb_image][\/et_pb_column][\/et_pb_row][\/et_pb_section]<\/p>","protected":false},"excerpt":{"rendered":"<p>Buchhandelsanfragen und -bestellungen bitte an: s.wollgramm@gmail.com Wir beliefern den Buchhandel in Deutschland und \u00d6sterreich. Leider sind Sendungen in die Schweiz nicht m\u00f6glich. Du hast Fragen, Feedback oder Anregungen f\u00fcr unsere Schreibfeder? Dann schick uns eine Nachricht. Unsere Schreibfeder ist bem\u00fcht, dir schnellstm\u00f6glich zu antworten. Wir freuen uns auf Deine Nachricht \ud83d\ude42 Wir verlegen derzeit keine [&hellip;]<\/p>","protected":false},"author":2,"featured_media":0,"parent":0,"menu_order":0,"comment_status":"closed","ping_status":"closed","template":"","meta":{"_et_pb_use_builder":"on","_et_pb_old_content":"","_et_gb_content_width":"","footnotes":""},"class_list":["post-344","page","type-page","status-publish","hentry"],"yoast_head":"<!-- This site is optimized with the Yoast SEO plugin v26.8 - https:\/\/yoast.com\/product\/yoast-seo-wordpress\/ -->\n<title>Kontakt - https:\/\/elfenoehrchen-verlag.de<\/title>\n<meta name=\"robots\" content=\"index, follow, max-snippet:-1, max-image-preview:large, max-video-preview:-1\" \/>\n<link rel=\"canonical\" href=\"https:\/\/elfenoehrchen-verlag.de\/en\/344-2\/\" \/>\n<meta property=\"og:locale\" content=\"en_GB\" \/>\n<meta property=\"og:type\" content=\"article\" \/>\n<meta property=\"og:title\" content=\"Kontakt - https:\/\/elfenoehrchen-verlag.de\" \/>\n<meta property=\"og:description\" content=\"Buchhandelsanfragen und -bestellungen bitte an: s.wollgramm@gmail.com Wir beliefern den Buchhandel in Deutschland und \u00d6sterreich. Leider sind Sendungen in die Schweiz nicht m\u00f6glich. Du hast Fragen, Feedback oder Anregungen f\u00fcr unsere Schreibfeder? Dann schick uns eine Nachricht. Unsere Schreibfeder ist bem\u00fcht, dir schnellstm\u00f6glich zu antworten. Wir freuen uns auf Deine Nachricht :) Wir verlegen derzeit keine [&hellip;]\" \/>\n<meta property=\"og:url\" content=\"https:\/\/elfenoehrchen-verlag.de\/en\/344-2\/\" \/>\n<meta property=\"og:site_name\" content=\"https:\/\/elfenoehrchen-verlag.de\" \/>\n<meta property=\"article:modified_time\" content=\"2024-04-17T07:57:37+00:00\" \/>\n<meta name=\"twitter:card\" content=\"summary_large_image\" \/>\n<script type=\"application\/ld+json\" class=\"yoast-schema-graph\">{\"@context\":\"https:\/\/schema.org\",\"@graph\":[{\"@type\":\"WebPage\",\"@id\":\"https:\/\/elfenoehrchen-verlag.de\/344-2\/\",\"url\":\"https:\/\/elfenoehrchen-verlag.de\/344-2\/\",\"name\":\"Kontakt - https:\/\/elfenoehrchen-verlag.de\",\"isPartOf\":{\"@id\":\"https:\/\/elfenoehrchen-verlag.de\/#website\"},\"datePublished\":\"2022-08-02T12:38:12+00:00\",\"dateModified\":\"2024-04-17T07:57:37+00:00\",\"breadcrumb\":{\"@id\":\"https:\/\/elfenoehrchen-verlag.de\/344-2\/#breadcrumb\"},\"inLanguage\":\"en-GB\",\"potentialAction\":[{\"@type\":\"ReadAction\",\"target\":[\"https:\/\/elfenoehrchen-verlag.de\/344-2\/\"]}]},{\"@type\":\"BreadcrumbList\",\"@id\":\"https:\/\/elfenoehrchen-verlag.de\/344-2\/#breadcrumb\",\"itemListElement\":[{\"@type\":\"ListItem\",\"position\":1,\"name\":\"Startseite\",\"item\":\"https:\/\/elfenoehrchen-verlag.de\/\"},{\"@type\":\"ListItem\",\"position\":2,\"name\":\"Kontakt\"}]},{\"@type\":\"WebSite\",\"@id\":\"https:\/\/elfenoehrchen-verlag.de\/#website\",\"url\":\"https:\/\/elfenoehrchen-verlag.de\/\",\"name\":\"https:\/\/elfenoehrchen-verlag.de\",\"description\":\"\",\"potentialAction\":[{\"@type\":\"SearchAction\",\"target\":{\"@type\":\"EntryPoint\",\"urlTemplate\":\"https:\/\/elfenoehrchen-verlag.de\/?s={search_term_string}\"},\"query-input\":{\"@type\":\"PropertyValueSpecification\",\"valueRequired\":true,\"valueName\":\"search_term_string\"}}],\"inLanguage\":\"en-GB\"}]}<\/script>\n<!-- \/ Yoast SEO plugin. -->","yoast_head_json":{"title":"Kontakt - https:\/\/elfenoehrchen-verlag.de","robots":{"index":"index","follow":"follow","max-snippet":"max-snippet:-1","max-image-preview":"max-image-preview:large","max-video-preview":"max-video-preview:-1"},"canonical":"https:\/\/elfenoehrchen-verlag.de\/en\/344-2\/","og_locale":"en_GB","og_type":"article","og_title":"Kontakt - https:\/\/elfenoehrchen-verlag.de","og_description":"Buchhandelsanfragen und -bestellungen bitte an: s.wollgramm@gmail.com Wir beliefern den Buchhandel in Deutschland und \u00d6sterreich. Leider sind Sendungen in die Schweiz nicht m\u00f6glich. Du hast Fragen, Feedback oder Anregungen f\u00fcr unsere Schreibfeder? Dann schick uns eine Nachricht. Unsere Schreibfeder ist bem\u00fcht, dir schnellstm\u00f6glich zu antworten. Wir freuen uns auf Deine Nachricht :) Wir verlegen derzeit keine [&hellip;]","og_url":"https:\/\/elfenoehrchen-verlag.de\/en\/344-2\/","og_site_name":"https:\/\/elfenoehrchen-verlag.de","article_modified_time":"2024-04-17T07:57:37+00:00","twitter_card":"summary_large_image","schema":{"@context":"https:\/\/schema.org","@graph":[{"@type":"WebPage","@id":"https:\/\/elfenoehrchen-verlag.de\/344-2\/","url":"https:\/\/elfenoehrchen-verlag.de\/344-2\/","name":"Kontakt - https:\/\/elfenoehrchen-verlag.de","isPartOf":{"@id":"https:\/\/elfenoehrchen-verlag.de\/#website"},"datePublished":"2022-08-02T12:38:12+00:00","dateModified":"2024-04-17T07:57:37+00:00","breadcrumb":{"@id":"https:\/\/elfenoehrchen-verlag.de\/344-2\/#breadcrumb"},"inLanguage":"en-GB","potentialAction":[{"@type":"ReadAction","target":["https:\/\/elfenoehrchen-verlag.de\/344-2\/"]}]},{"@type":"BreadcrumbList","@id":"https:\/\/elfenoehrchen-verlag.de\/344-2\/#breadcrumb","itemListElement":[{"@type":"ListItem","position":1,"name":"Startseite","item":"https:\/\/elfenoehrchen-verlag.de\/"},{"@type":"ListItem","position":2,"name":"Kontakt"}]},{"@type":"WebSite","@id":"https:\/\/elfenoehrchen-verlag.de\/#website","url":"https:\/\/elfenoehrchen-verlag.de\/","name":"https:\/\/elfenoehrchen-verlag.de","description":"","potentialAction":[{"@type":"SearchAction","target":{"@type":"EntryPoint","urlTemplate":"https:\/\/elfenoehrchen-verlag.de\/?s={search_term_string}"},"query-input":{"@type":"PropertyValueSpecification","valueRequired":true,"valueName":"search_term_string"}}],"inLanguage":"en-GB"}]}},"_links":{"self":[{"href":"https:\/\/elfenoehrchen-verlag.de\/en\/wp-json\/wp\/v2\/pages\/344","targetHints":{"allow":["GET"]}}],"collection":[{"href":"https:\/\/elfenoehrchen-verlag.de\/en\/wp-json\/wp\/v2\/pages"}],"about":[{"href":"https:\/\/elfenoehrchen-verlag.de\/en\/wp-json\/wp\/v2\/types\/page"}],"author":[{"embeddable":true,"href":"https:\/\/elfenoehrchen-verlag.de\/en\/wp-json\/wp\/v2\/users\/2"}],"replies":[{"embeddable":true,"href":"https:\/\/elfenoehrchen-verlag.de\/en\/wp-json\/wp\/v2\/comments?post=344"}],"version-history":[{"count":9,"href":"https:\/\/elfenoehrchen-verlag.de\/en\/wp-json\/wp\/v2\/pages\/344\/revisions"}],"predecessor-version":[{"id":932,"href":"https:\/\/elfenoehrchen-verlag.de\/en\/wp-json\/wp\/v2\/pages\/344\/revisions\/932"}],"wp:attachment":[{"href":"https:\/\/elfenoehrchen-verlag.de\/en\/wp-json\/wp\/v2\/media?parent=344"}],"curies":[{"name":"wp","href":"https:\/\/api.w.org\/{rel}","templated":true}]}}