{"id":169,"date":"2022-07-05T22:29:42","date_gmt":"2022-07-05T20:29:42","guid":{"rendered":"https:\/\/xn--elfenhrchen-verlag-h3b.de\/?page_id=169"},"modified":"2024-04-01T16:08:55","modified_gmt":"2024-04-01T14:08:55","slug":"hoerbuecher","status":"publish","type":"page","link":"https:\/\/elfenoehrchen-verlag.de\/en\/hoerbuecher\/","title":{"rendered":"Audio books"},"content":{"rendered":"<p>[et_pb_section fb_built=&#8220;1&#8243; _builder_version=&#8220;4.17.4&#8243; _module_preset=&#8220;default&#8220; min_height=&#8220;100px&#8220; height=&#8220;358px&#8220; custom_margin=&#8220;||-2px|||&#8220; global_colors_info=&#8220;{}&#8220;][et_pb_row _builder_version=&#8220;4.17.4&#8243; _module_preset=&#8220;default&#8220; global_colors_info=&#8220;{}&#8220;][et_pb_column type=&#8220;4_4&#8243; _builder_version=&#8220;4.17.4&#8243; _module_preset=&#8220;default&#8220; global_colors_info=&#8220;{}&#8220;][et_pb_image src=&#8220;https:\/\/xn--elfenhrchen-verlag-h3b.de\/wp-content\/uploads\/2024\/03\/Kein-Titel-3508-x-2480-px.png&#8220; title_text=&#8220;Logo&#8220; align=&#8220;center&#8220; _builder_version=&#8220;4.17.4&#8243; _module_preset=&#8220;default&#8220; height=&#8220;331px&#8220; max_height_tablet=&#8220;&#8220; max_height_phone=&#8220;227px&#8220; max_height_last_edited=&#8220;on|phone&#8220; custom_margin=&#8220;-70px|||||&#8220; custom_padding=&#8220;0px|||||&#8220; global_colors_info=&#8220;{}&#8220;][\/et_pb_image][\/et_pb_column][\/et_pb_row][\/et_pb_section][et_pb_section fb_built=&#8220;1&#8243; _builder_version=&#8220;4.17.4&#8243; _module_preset=&#8220;default&#8220; background_color=&#8220;#D6D6D6&#8243; min_height=&#8220;336.5px&#8220; custom_margin_tablet=&#8220;&#8220; custom_margin_phone=&#8220;-100px||||false|false&#8220; custom_margin_last_edited=&#8220;on|phone&#8220; custom_padding=&#8220;49px||66px|||&#8220; global_colors_info=&#8220;{}&#8220;][et_pb_row column_structure=&#8220;1_5,3_5,1_5&#8243; _builder_version=&#8220;4.17.4&#8243; _module_preset=&#8220;default&#8220; background_color=&#8220;#FFFFFF&#8220; width_tablet=&#8220;&#8220; width_phone=&#8220;92%&#8220; width_last_edited=&#8220;on|phone&#8220; custom_margin=&#8220;13px|auto||auto||&#8220; global_colors_info=&#8220;{}&#8220;][et_pb_column type=&#8220;1_5&#8243; _builder_version=&#8220;4.17.4&#8243; _module_preset=&#8220;default&#8220; global_colors_info=&#8220;{}&#8220;][et_pb_image align=&#8220;center&#8220; _builder_version=&#8220;4.17.4&#8243; _module_preset=&#8220;default&#8220; global_colors_info=&#8220;{}&#8220;][\/et_pb_image][\/et_pb_column][et_pb_column type=&#8220;3_5&#8243; _builder_version=&#8220;4.17.4&#8243; _module_preset=&#8220;default&#8220; global_colors_info=&#8220;{}&#8220;][et_pb_text _builder_version=&#8220;4.17.4&#8243; _module_preset=&#8220;default&#8220; text_text_color=&#8220;#FFFFFF&#8220; header_2_font=&#8220;ABeeZee|700|||||||&#8220; header_2_text_color=&#8220;#7f7c79&#8243; custom_padding_tablet=&#8220;&#8220; custom_padding_phone=&#8220;|||0px|false|false&#8220; custom_padding_last_edited=&#8220;on|phone&#8220; global_colors_info=&#8220;{}&#8220;]<\/p>\n<h2 style=\"text-align: center;\">Elf Ears in eavesdropping mode<\/h2>\n<p>[\/et_pb_text][et_pb_text _builder_version=&#8220;4.17.4&#8243; _module_preset=&#8220;default&#8220; text_font=&#8220;||||||||&#8220; text_font_size=&#8220;16px&#8220; text_orientation=&#8220;center&#8220; custom_padding_tablet=&#8220;&#8220; custom_padding_phone=&#8220;|10px||10px|false|false&#8220; custom_padding_last_edited=&#8220;on|phone&#8220; global_colors_info=&#8220;{}&#8220;]<\/p>\n<p><span>Nun aber brav die Elfen\u00f6hrchen spitzen, denn hier gibt es ein paar unserer Geschichten auch zu h\u00f6ren. Schnappt euch was Leckeres zu trinken und macht es euch kuschelig-muckelig gem\u00fctlich mit uns. Ob ihr eure Lieblingsgeschichte immer wieder h\u00f6rt oder gespannt auf weitere Geschichten aus unserem Stimmzimmerchen wartet und euch durchh\u00f6rt &#8211; verratet uns, was eure Elfen\u00f6hrchen am liebsten h\u00f6ren.<\/span><\/p>\n<p><span>Instagram: <a href=\"https:\/\/www.instagram.com\/elfenoehrchen_verlag\/\">@elfenoehrchen_verlag<\/a><\/span><\/p>\n<p>[\/et_pb_text][\/et_pb_column][et_pb_column type=&#8220;1_5&#8243; _builder_version=&#8220;4.17.4&#8243; _module_preset=&#8220;default&#8220; global_colors_info=&#8220;{}&#8220;][et_pb_image src=&#8220;https:\/\/xn--elfenhrchen-verlag-h3b.de\/wp-content\/uploads\/2022\/07\/Logo_Tasse-blau-rgb-ohne-Schrift-e1657022211221.jpg&#8220; title_text=&#8220;Logo_Tasse blau rgb ohne Schrift&#8220; align=&#8220;center&#8220; disabled_on=&#8220;on|off|off&#8220; _builder_version=&#8220;4.17.4&#8243; _module_preset=&#8220;default&#8220; custom_padding=&#8220;127px|15px||0px|false|false&#8220; global_colors_info=&#8220;{}&#8220;][\/et_pb_image][\/et_pb_column][\/et_pb_row][\/et_pb_section][et_pb_section fb_built=&#8220;1&#8243; _builder_version=&#8220;4.17.4&#8243; _module_preset=&#8220;default&#8220; background_color=&#8220;#ffffff&#8220; custom_margin=&#8220;5px|||||&#8220; custom_margin_tablet=&#8220;5px|||||&#8220; custom_margin_phone=&#8220;-11px||||false|false&#8220; custom_margin_last_edited=&#8220;on|phone&#8220; custom_padding=&#8220;50px|||||&#8220; global_colors_info=&#8220;{}&#8220;][et_pb_row custom_padding_last_edited=&#8220;on|phone&#8220; _builder_version=&#8220;4.17.4&#8243; _module_preset=&#8220;default&#8220; custom_padding=&#8220;||21px|||&#8220; custom_padding_tablet=&#8220;||21px|||&#8220; custom_padding_phone=&#8220;0px||||false|false&#8220; global_colors_info=&#8220;{}&#8220;][et_pb_column type=&#8220;4_4&#8243; _builder_version=&#8220;4.17.4&#8243; _module_preset=&#8220;default&#8220; global_colors_info=&#8220;{}&#8220;][et_pb_text _builder_version=&#8220;4.17.4&#8243; _module_preset=&#8220;default&#8220; text_text_color=&#8220;#FFFFFF&#8220; header_2_font=&#8220;ABeeZee|700|||||||&#8220; header_2_text_color=&#8220;#7f7c79&#8243; global_colors_info=&#8220;{}&#8220;]<\/p>\n<h2 style=\"text-align: center;\">Audio books<\/h2>\n<p>[\/et_pb_text][et_pb_text _builder_version=&#8220;4.17.4&#8243; _module_preset=&#8220;default&#8220; text_font=&#8220;||||||||&#8220; text_font_size=&#8220;16px&#8220; text_orientation=&#8220;center&#8220; global_colors_info=&#8220;{}&#8220;]<\/p>\n<p><strong>Our Christmas tip:<\/strong> The story of Masy, the little red Christmas truck - An Advent adventure in 24 chapters. <br \/>H\u00f6rt hier in die ersten drei Kapitel rein \ud83d\ude42<\/p>\n<p>[\/et_pb_text][\/et_pb_column][\/et_pb_row][et_pb_row _builder_version=&#8220;4.17.4&#8243; _module_preset=&#8220;default&#8220; global_colors_info=&#8220;{}&#8220;][et_pb_column type=&#8220;4_4&#8243; _builder_version=&#8220;4.17.4&#8243; _module_preset=&#8220;default&#8220; global_colors_info=&#8220;{}&#8220;][et_pb_code _builder_version=&#8220;4.17.4&#8243; _module_preset=&#8220;default&#8220; global_colors_info=&#8220;{}&#8220;]<div class=\"BorlabsCookie _brlbs-cb-default\"><div class=\"_brlbs-content-blocker\"> <div class=\"_brlbs-default\"> <p>Klicken Sie auf den unteren Button, um den Inhalt von anchor.fm zu laden.<\/p> <p><a class=\"_brlbs-btn\" href=\"#\" data-borlabs-cookie-unblock role=\"button\">Inhalt laden<\/a><\/p> <\/div> <\/div><div class=\"borlabs-hide\" data-borlabs-cookie-type=\"content-blocker\" data-borlabs-cookie-id=\"default\"><script type=\"text\/template\">PGlmcmFtZSBsb2FkaW5nPSJsYXp5IiBzcmM9Imh0dHBzOi8vYW5jaG9yLmZtL2VsZmVuaHJjaGVuLXZlcmxhZy9lbWJlZC9lcGlzb2Rlcy9LYXBpdGVsLTAxLS1NYXN5LS0tRGFzLXphdWJlcmhhZnRlLUFiZW50ZXVlci1kZXMta2xlaW5lbi1XZWlobmFjaHRzdHJ1Y2tzLS0wMS1FaW4tQWR2ZW50c2thbGVuZGVyLWVyd2FjaHQtZTFta3AzciIgaGVpZ2h0PSIxMDAlIiB3aWR0aD0iMTAwJSIgZnJhbWVib3JkZXI9IjAiIHNjcm9sbGluZz0ibm8iPjwvaWZyYW1lPg==<\/script><\/div><\/div>[\/et_pb_code][et_pb_code _builder_version=&#8220;4.17.4&#8243; _module_preset=&#8220;default&#8220; global_colors_info=&#8220;{}&#8220;]<div class=\"BorlabsCookie _brlbs-cb-default\"><div class=\"_brlbs-content-blocker\"> <div class=\"_brlbs-default\"> <p>Klicken Sie auf den unteren Button, um den Inhalt von anchor.fm zu laden.<\/p> <p><a class=\"_brlbs-btn\" href=\"#\" data-borlabs-cookie-unblock role=\"button\">Inhalt laden<\/a><\/p> <\/div> <\/div><div class=\"borlabs-hide\" data-borlabs-cookie-type=\"content-blocker\" data-borlabs-cookie-id=\"default\"><script type=\"text\/template\">PGlmcmFtZSBsb2FkaW5nPSJsYXp5IiBzcmM9Imh0dHBzOi8vYW5jaG9yLmZtL2VsZmVuaHJjaGVuLXZlcmxhZy9lbWJlZC9lcGlzb2Rlcy9LYXBpdGVsLTAyLS1NYXN5LS0tRGFzLXphdWJlcmhhZnRlLUFiZW50ZXVlci1kZXMta2xlaW5lbi1XZWlobmFjaHRzdHJ1Y2tzLS0wMi1EZXItV3Vuc2NoZXJrZW5uZXItVHJ1Y2stZTFta3E2MyIgaGVpZ2h0PSIxMDAlIiB3aWR0aD0iMTAwJSIgZnJhbWVib3JkZXI9IjAiIHNjcm9sbGluZz0ibm8iPjwvaWZyYW1lPg==<\/script><\/div><\/div>[\/et_pb_code][et_pb_code _builder_version=&#8220;4.17.4&#8243; _module_preset=&#8220;default&#8220; global_colors_info=&#8220;{}&#8220;]<div class=\"BorlabsCookie _brlbs-cb-default\"><div class=\"_brlbs-content-blocker\"> <div class=\"_brlbs-default\"> <p>Klicken Sie auf den unteren Button, um den Inhalt von anchor.fm zu laden.<\/p> <p><a class=\"_brlbs-btn\" href=\"#\" data-borlabs-cookie-unblock role=\"button\">Inhalt laden<\/a><\/p> <\/div> <\/div><div class=\"borlabs-hide\" data-borlabs-cookie-type=\"content-blocker\" data-borlabs-cookie-id=\"default\"><script type=\"text\/template\">PGlmcmFtZSBsb2FkaW5nPSJsYXp5IiBzcmM9Imh0dHBzOi8vYW5jaG9yLmZtL2VsZmVuaHJjaGVuLXZlcmxhZy9lbWJlZC9lcGlzb2Rlcy9LYXBpdGVsLTAzLS1NYXN5LS0tRGFzLXphdWJlcmhhZnRlLUFiZW50ZXVlci1kZXMta2xlaW5lbi1XZWlobmFjaHRzdHJ1Y2tzLS0wMy1BdWYtZGVyLVN1Y2hlLW5hY2gtZGVtLVdhcnVtLWUxbWtyZzciIGhlaWdodD0iMTAwJSIgd2lkdGg9IjEwMCUiIGZyYW1lYm9yZGVyPSIwIiBzY3JvbGxpbmc9Im5vIj48L2lmcmFtZT4=<\/script><\/div><\/div>[\/et_pb_code][et_pb_code _builder_version=&#8220;4.17.4&#8243; _module_preset=&#8220;default&#8220; global_colors_info=&#8220;{}&#8220;]<div class=\"BorlabsCookie _brlbs-cb-default\"><div class=\"_brlbs-content-blocker\"> <div class=\"_brlbs-default\"> <p>Klicken Sie auf den unteren Button, um den Inhalt von anchor.fm zu laden.<\/p> <p><a class=\"_brlbs-btn\" href=\"#\" data-borlabs-cookie-unblock role=\"button\">Inhalt laden<\/a><\/p> <\/div> <\/div><div class=\"borlabs-hide\" data-borlabs-cookie-type=\"content-blocker\" data-borlabs-cookie-id=\"default\"><script type=\"text\/template\">PGlmcmFtZSBsb2FkaW5nPSJsYXp5IiBzcmM9Imh0dHBzOi8vYW5jaG9yLmZtL2VsZmVuaHJjaGVuLXZlcmxhZy9lbWJlZC9lcGlzb2Rlcy9LYXBpdGVsLTA0LS1NYXN5LS0tRGFzLXphdWJlcmhhZnRlLUFiZW50ZXVlci1kZXMta2xlaW5lbi1XZWlobmFjaHRzdHJ1Y2tzLS0wNC1XZWlobmFjaHRzYnVtZS1mci1kaWUtSGVybWVsaW5lLWUxbWtyanUiIGhlaWdodD0iMTAwJSIgd2lkdGg9IjEwMCUiIGZyYW1lYm9yZGVyPSIwIiBzY3JvbGxpbmc9Im5vIj48L2lmcmFtZT4=<\/script><\/div><\/div>[\/et_pb_code][et_pb_button button_url=&#8220;https:\/\/anchor.fm\/elfenhrchen-verlag&#8220; url_new_window=&#8220;on&#8220; button_text=&#8220;Das volle H\u00f6rbuch bei Anchor&#8220; button_alignment=&#8220;center&#8220; _builder_version=&#8220;4.17.4&#8243; _module_preset=&#8220;default&#8220; custom_button=&#8220;on&#8220; button_text_color=&#8220;#7f7c79&#8243; custom_margin=&#8220;19px|||||&#8220; global_colors_info=&#8220;{}&#8220;][\/et_pb_button][\/et_pb_column][\/et_pb_row][et_pb_row column_structure=&#8220;1_4,1_4,1_4,1_4&#8243; disabled_on=&#8220;off|off|off&#8220; _builder_version=&#8220;4.17.4&#8243; _module_preset=&#8220;default&#8220; global_colors_info=&#8220;{}&#8220;][et_pb_column type=&#8220;1_4&#8243; _builder_version=&#8220;4.17.4&#8243; _module_preset=&#8220;default&#8220; global_colors_info=&#8220;{}&#8220;][et_pb_icon font_icon=&#8220;&#xe0d6;||divi||400&#8243; url=&#8220;https:\/\/open.spotify.com\/show\/29DAzqj15sqlcQs4yuNajO&#8220; url_new_window=&#8220;on&#8220; _builder_version=&#8220;4.17.4&#8243; _module_preset=&#8220;default&#8220; global_colors_info=&#8220;{}&#8220;][\/et_pb_icon][\/et_pb_column][et_pb_column type=&#8220;1_4&#8243; _builder_version=&#8220;4.17.4&#8243; _module_preset=&#8220;default&#8220; global_colors_info=&#8220;{}&#8220;][et_pb_icon font_icon=&#8220;&#xf270;||fa||400&#8243; url=&#8220;https:\/\/music.amazon.de\/podcasts\/b37e35ee-5a45-40dc-b97c-9f20fe4473c0\/masy&#8212;das-zauberhafte-abenteuer-des-kleinen-weihnachtstrucks&#8220; url_new_window=&#8220;on&#8220; _builder_version=&#8220;4.17.4&#8243; _module_preset=&#8220;default&#8220; global_colors_info=&#8220;{}&#8220;][\/et_pb_icon][\/et_pb_column][et_pb_column type=&#8220;1_4&#8243; _builder_version=&#8220;4.17.4&#8243; _module_preset=&#8220;default&#8220; global_colors_info=&#8220;{}&#8220;][et_pb_icon font_icon=&#8220;&#xf179;||fa||400&#8243; url=&#8220;https:\/\/podcasts.apple.com\/us\/podcast\/masy-das-zauberhafte-abenteuer-des-kleinen-weihnachtstrucks\/id1640348937&#8243; url_new_window=&#8220;on&#8220; _builder_version=&#8220;4.17.4&#8243; _module_preset=&#8220;default&#8220; global_colors_info=&#8220;{}&#8220;][\/et_pb_icon][\/et_pb_column][et_pb_column type=&#8220;1_4&#8243; _builder_version=&#8220;4.17.4&#8243; _module_preset=&#8220;default&#8220; global_colors_info=&#8220;{}&#8220;][et_pb_icon font_icon=&#8220;&#xf1a0;||fa||400&#8243; _builder_version=&#8220;4.17.4&#8243; _module_preset=&#8220;default&#8220; global_colors_info=&#8220;{}&#8220;][\/et_pb_icon][\/et_pb_column][\/et_pb_row][\/et_pb_section]<\/p>","protected":false},"excerpt":{"rendered":"<p>Elfen\u00f6hrchen in Lausch-ModusNun aber brav die Elfen\u00f6hrchen spitzen, denn hier gibt es ein paar unserer Geschichten auch zu h\u00f6ren. Schnappt euch was Leckeres zu trinken und macht es euch kuschelig-muckelig gem\u00fctlich mit uns. Ob ihr eure Lieblingsgeschichte immer wieder h\u00f6rt oder gespannt auf weitere Geschichten aus unserem Stimmzimmerchen wartet und euch durchh\u00f6rt &#8211; verratet uns, [&hellip;]<\/p>","protected":false},"author":1,"featured_media":0,"parent":0,"menu_order":0,"comment_status":"closed","ping_status":"closed","template":"","meta":{"_et_pb_use_builder":"on","_et_pb_old_content":"","_et_gb_content_width":"","footnotes":""},"class_list":["post-169","page","type-page","status-publish","hentry"],"yoast_head":"<!-- This site is optimized with the Yoast SEO plugin v26.8 - https:\/\/yoast.com\/product\/yoast-seo-wordpress\/ -->\n<title>H\u00f6rb\u00fccher - https:\/\/elfenoehrchen-verlag.de<\/title>\n<meta name=\"description\" content=\"Mit unsere H\u00f6rb\u00fcchern k\u00f6nnt ihr entspannt bei einer Tasse Tee den neusten Abenteuern aus der Elfen\u00f6hrchen-Welt lauschen.\" \/>\n<meta name=\"robots\" content=\"index, follow, max-snippet:-1, max-image-preview:large, max-video-preview:-1\" \/>\n<link rel=\"canonical\" href=\"https:\/\/elfenoehrchen-verlag.de\/en\/hoerbuecher\/\" \/>\n<meta property=\"og:locale\" content=\"en_GB\" \/>\n<meta property=\"og:type\" content=\"article\" \/>\n<meta property=\"og:title\" content=\"H\u00f6rb\u00fccher - https:\/\/elfenoehrchen-verlag.de\" \/>\n<meta property=\"og:description\" content=\"Mit unsere H\u00f6rb\u00fcchern k\u00f6nnt ihr entspannt bei einer Tasse Tee den neusten Abenteuern aus der Elfen\u00f6hrchen-Welt lauschen.\" \/>\n<meta property=\"og:url\" content=\"https:\/\/elfenoehrchen-verlag.de\/en\/hoerbuecher\/\" \/>\n<meta property=\"og:site_name\" content=\"https:\/\/elfenoehrchen-verlag.de\" \/>\n<meta property=\"article:modified_time\" content=\"2024-04-01T14:08:55+00:00\" \/>\n<meta name=\"twitter:card\" content=\"summary_large_image\" \/>\n<meta name=\"twitter:label1\" content=\"Estimated reading time\" \/>\n\t<meta name=\"twitter:data1\" content=\"2 minutes\" \/>\n<script type=\"application\/ld+json\" class=\"yoast-schema-graph\">{\"@context\":\"https:\/\/schema.org\",\"@graph\":[{\"@type\":\"WebPage\",\"@id\":\"https:\/\/elfenoehrchen-verlag.de\/hoerbuecher\/\",\"url\":\"https:\/\/elfenoehrchen-verlag.de\/hoerbuecher\/\",\"name\":\"H\u00f6rb\u00fccher - https:\/\/elfenoehrchen-verlag.de\",\"isPartOf\":{\"@id\":\"https:\/\/elfenoehrchen-verlag.de\/#website\"},\"datePublished\":\"2022-07-05T20:29:42+00:00\",\"dateModified\":\"2024-04-01T14:08:55+00:00\",\"description\":\"Mit unsere H\u00f6rb\u00fcchern k\u00f6nnt ihr entspannt bei einer Tasse Tee den neusten Abenteuern aus der Elfen\u00f6hrchen-Welt lauschen.\",\"breadcrumb\":{\"@id\":\"https:\/\/elfenoehrchen-verlag.de\/hoerbuecher\/#breadcrumb\"},\"inLanguage\":\"en-GB\",\"potentialAction\":[{\"@type\":\"ReadAction\",\"target\":[\"https:\/\/elfenoehrchen-verlag.de\/hoerbuecher\/\"]}]},{\"@type\":\"BreadcrumbList\",\"@id\":\"https:\/\/elfenoehrchen-verlag.de\/hoerbuecher\/#breadcrumb\",\"itemListElement\":[{\"@type\":\"ListItem\",\"position\":1,\"name\":\"Startseite\",\"item\":\"https:\/\/elfenoehrchen-verlag.de\/\"},{\"@type\":\"ListItem\",\"position\":2,\"name\":\"H\u00f6rb\u00fccher\"}]},{\"@type\":\"WebSite\",\"@id\":\"https:\/\/elfenoehrchen-verlag.de\/#website\",\"url\":\"https:\/\/elfenoehrchen-verlag.de\/\",\"name\":\"https:\/\/elfenoehrchen-verlag.de\",\"description\":\"\",\"potentialAction\":[{\"@type\":\"SearchAction\",\"target\":{\"@type\":\"EntryPoint\",\"urlTemplate\":\"https:\/\/elfenoehrchen-verlag.de\/?s={search_term_string}\"},\"query-input\":{\"@type\":\"PropertyValueSpecification\",\"valueRequired\":true,\"valueName\":\"search_term_string\"}}],\"inLanguage\":\"en-GB\"}]}<\/script>\n<!-- \/ Yoast SEO plugin. -->","yoast_head_json":{"title":"H\u00f6rb\u00fccher - https:\/\/elfenoehrchen-verlag.de","description":"Mit unsere H\u00f6rb\u00fcchern k\u00f6nnt ihr entspannt bei einer Tasse Tee den neusten Abenteuern aus der Elfen\u00f6hrchen-Welt lauschen.","robots":{"index":"index","follow":"follow","max-snippet":"max-snippet:-1","max-image-preview":"max-image-preview:large","max-video-preview":"max-video-preview:-1"},"canonical":"https:\/\/elfenoehrchen-verlag.de\/en\/hoerbuecher\/","og_locale":"en_GB","og_type":"article","og_title":"H\u00f6rb\u00fccher - https:\/\/elfenoehrchen-verlag.de","og_description":"Mit unsere H\u00f6rb\u00fcchern k\u00f6nnt ihr entspannt bei einer Tasse Tee den neusten Abenteuern aus der Elfen\u00f6hrchen-Welt lauschen.","og_url":"https:\/\/elfenoehrchen-verlag.de\/en\/hoerbuecher\/","og_site_name":"https:\/\/elfenoehrchen-verlag.de","article_modified_time":"2024-04-01T14:08:55+00:00","twitter_card":"summary_large_image","twitter_misc":{"Estimated reading time":"2 minutes"},"schema":{"@context":"https:\/\/schema.org","@graph":[{"@type":"WebPage","@id":"https:\/\/elfenoehrchen-verlag.de\/hoerbuecher\/","url":"https:\/\/elfenoehrchen-verlag.de\/hoerbuecher\/","name":"H\u00f6rb\u00fccher - https:\/\/elfenoehrchen-verlag.de","isPartOf":{"@id":"https:\/\/elfenoehrchen-verlag.de\/#website"},"datePublished":"2022-07-05T20:29:42+00:00","dateModified":"2024-04-01T14:08:55+00:00","description":"Mit unsere H\u00f6rb\u00fcchern k\u00f6nnt ihr entspannt bei einer Tasse Tee den neusten Abenteuern aus der Elfen\u00f6hrchen-Welt lauschen.","breadcrumb":{"@id":"https:\/\/elfenoehrchen-verlag.de\/hoerbuecher\/#breadcrumb"},"inLanguage":"en-GB","potentialAction":[{"@type":"ReadAction","target":["https:\/\/elfenoehrchen-verlag.de\/hoerbuecher\/"]}]},{"@type":"BreadcrumbList","@id":"https:\/\/elfenoehrchen-verlag.de\/hoerbuecher\/#breadcrumb","itemListElement":[{"@type":"ListItem","position":1,"name":"Startseite","item":"https:\/\/elfenoehrchen-verlag.de\/"},{"@type":"ListItem","position":2,"name":"H\u00f6rb\u00fccher"}]},{"@type":"WebSite","@id":"https:\/\/elfenoehrchen-verlag.de\/#website","url":"https:\/\/elfenoehrchen-verlag.de\/","name":"https:\/\/elfenoehrchen-verlag.de","description":"","potentialAction":[{"@type":"SearchAction","target":{"@type":"EntryPoint","urlTemplate":"https:\/\/elfenoehrchen-verlag.de\/?s={search_term_string}"},"query-input":{"@type":"PropertyValueSpecification","valueRequired":true,"valueName":"search_term_string"}}],"inLanguage":"en-GB"}]}},"_links":{"self":[{"href":"https:\/\/elfenoehrchen-verlag.de\/en\/wp-json\/wp\/v2\/pages\/169","targetHints":{"allow":["GET"]}}],"collection":[{"href":"https:\/\/elfenoehrchen-verlag.de\/en\/wp-json\/wp\/v2\/pages"}],"about":[{"href":"https:\/\/elfenoehrchen-verlag.de\/en\/wp-json\/wp\/v2\/types\/page"}],"author":[{"embeddable":true,"href":"https:\/\/elfenoehrchen-verlag.de\/en\/wp-json\/wp\/v2\/users\/1"}],"replies":[{"embeddable":true,"href":"https:\/\/elfenoehrchen-verlag.de\/en\/wp-json\/wp\/v2\/comments?post=169"}],"version-history":[{"count":10,"href":"https:\/\/elfenoehrchen-verlag.de\/en\/wp-json\/wp\/v2\/pages\/169\/revisions"}],"predecessor-version":[{"id":927,"href":"https:\/\/elfenoehrchen-verlag.de\/en\/wp-json\/wp\/v2\/pages\/169\/revisions\/927"}],"wp:attachment":[{"href":"https:\/\/elfenoehrchen-verlag.de\/en\/wp-json\/wp\/v2\/media?parent=169"}],"curies":[{"name":"wp","href":"https:\/\/api.w.org\/{rel}","templated":true}]}}